{"id":27039,"date":"2025-05-20T17:00:11","date_gmt":"2025-05-20T15:00:11","guid":{"rendered":"https:\/\/huset.se\/?page_id=27039"},"modified":"2025-05-23T12:28:09","modified_gmt":"2025-05-23T10:28:09","slug":"nyproduktion","status":"publish","type":"page","link":"https:\/\/huset.se\/de\/nyproduktion\/","title":{"rendered":"Neue Produktion"},"content":{"rendered":"<div data-elementor-type=\"wp-page\" data-elementor-id=\"27039\" class=\"elementor elementor-27039\">\n\t\t\t\t\t\t<section class=\"elementor-section elementor-top-section elementor-element elementor-element-413b6f6 elementor-section-height-min-height elementor-section-boxed elementor-section-height-default elementor-section-items-middle\" data-id=\"413b6f6\" data-element_type=\"section\" data-settings=\"{&quot;background_background&quot;:&quot;classic&quot;}\">\n\t\t\t\t\t\t<div class=\"elementor-container elementor-column-gap-default\">\n\t\t\t\t\t<div class=\"elementor-column elementor-col-100 elementor-top-column elementor-element elementor-element-2481df3\" data-id=\"2481df3\" data-element_type=\"column\">\n\t\t\t<div class=\"elementor-widget-wrap elementor-element-populated\">\n\t\t\t\t\t\t<section class=\"elementor-section elementor-inner-section elementor-element elementor-element-3bd056b elementor-section-boxed elementor-section-height-default elementor-section-height-default\" data-id=\"3bd056b\" data-element_type=\"section\">\n\t\t\t\t\t\t<div class=\"elementor-container elementor-column-gap-default\">\n\t\t\t\t\t<div class=\"elementor-column elementor-col-100 elementor-inner-column elementor-element elementor-element-f3c0f3d\" data-id=\"f3c0f3d\" data-element_type=\"column\">\n\t\t\t<div class=\"elementor-widget-wrap\">\n\t\t\t\t\t\t\t<\/div>\n\t\t<\/div>\n\t\t\t\t\t<\/div>\n\t\t<\/section>\n\t\t\t\t\t<\/div>\n\t\t<\/div>\n\t\t\t\t\t<\/div>\n\t\t<\/section>\n\t\t\t\t<section class=\"elementor-section elementor-top-section elementor-element elementor-element-298df88 elementor-section-content-middle elementor-section-boxed elementor-section-height-default elementor-section-height-default\" data-id=\"298df88\" data-element_type=\"section\" data-settings=\"{&quot;background_background&quot;:&quot;classic&quot;}\">\n\t\t\t\t\t\t<div class=\"elementor-container elementor-column-gap-no\">\n\t\t\t\t\t<div class=\"elementor-column elementor-col-100 elementor-top-column elementor-element elementor-element-e6d81c0\" data-id=\"e6d81c0\" data-element_type=\"column\">\n\t\t\t<div class=\"elementor-widget-wrap elementor-element-populated\">\n\t\t\t\t\t\t<div class=\"elementor-element elementor-element-afa40cc elementor-widget elementor-widget-text-editor\" data-id=\"afa40cc\" data-element_type=\"widget\" data-widget_type=\"text-editor.default\">\n\t\t\t\t\t\t\t\t\t<p class=\"\" data-start=\"562\" data-end=\"624\">Neubau - erleben Sie die Zukunft der Immobilienvermittlung<\/p>\t\t\t\t\t\t\t\t<\/div>\n\t\t\t\t<div class=\"elementor-element elementor-element-2508a4d elementor-widget elementor-widget-text-editor\" data-id=\"2508a4d\" data-element_type=\"widget\" data-widget_type=\"text-editor.default\">\n\t\t\t\t\t\t\t\t\t<p class=\"\" data-start=\"394\" data-end=\"660\">Die Entscheidung f\u00fcr ein neues Haus ist eine Entscheidung voller Visionen, Vorfreude und Details. Mit den digitalen L\u00f6sungen von Huset f\u00fcr den Neubau heben wir diese Erfahrung auf eine neue Ebene - wo jeder Quadratmeter erkundet, angepasst und verstanden werden kann, bevor ein einziger Schritt auf der Baustelle getan wird.<\/p><h5 data-start=\"2059\" data-end=\"2323\"><strong><br \/>F\u00fcr Architekten, Bauherren und Bautr\u00e4ger.<\/strong><\/h5><p class=\"\" data-start=\"2059\" data-end=\"2323\">Unsere digitalen Dienste sind nicht nur f\u00fcr den K\u00e4ufer gedacht - sie optimieren den gesamten Prozess f\u00fcr Bautr\u00e4ger.<br data-start=\"2178\" data-end=\"2181\" \/>Sie erhalten eine koh\u00e4rente digitale Umgebung, in der Besichtigung, Auswahl und Nachbereitung mit voller Kontrolle, minimaler Verwaltung und maximaler Erfahrung stattfinden.<\/p><h5 data-start=\"2330\" data-end=\"2519\"><strong data-start=\"2330\" data-end=\"2385\"><br \/>Die Geb\u00e4ude der Zukunft erfordern die L\u00f6sungen der Zukunft.<br \/><\/strong><\/h5><p class=\"\" data-start=\"2330\" data-end=\"2519\">Mit Huset ist der Neubau nicht nur klar - er ist inspirierend, effizient und zug\u00e4nglich, vom ersten Gedanken bis zur letzten Entscheidung.<\/p>\t\t\t\t\t\t\t\t<\/div>\n\t\t\t\t\t<\/div>\n\t\t<\/div>\n\t\t\t\t\t<\/div>\n\t\t<\/section>\n\t\t\t\t<section class=\"elementor-section elementor-top-section elementor-element elementor-element-ceaff98 elementor-section-content-middle elementor-reverse-mobile elementor-reverse-tablet elementor-section-boxed elementor-section-height-default elementor-section-height-default\" data-id=\"ceaff98\" data-element_type=\"section\" data-settings=\"{&quot;background_background&quot;:&quot;classic&quot;}\">\n\t\t\t\t\t\t<div class=\"elementor-container elementor-column-gap-no\">\n\t\t\t\t\t<div class=\"elementor-column elementor-col-100 elementor-top-column elementor-element elementor-element-387c091\" data-id=\"387c091\" data-element_type=\"column\">\n\t\t\t<div class=\"elementor-widget-wrap elementor-element-populated\">\n\t\t\t\t\t\t<div class=\"elementor-element elementor-element-4882277 elementor-widget elementor-widget-image\" data-id=\"4882277\" data-element_type=\"widget\" data-widget_type=\"image.default\">\n\t\t\t\t\t\t\t\t\t\t\t\t\t\t\t<img fetchpriority=\"high\" decoding=\"async\" width=\"1113\" height=\"593\" src=\"https:\/\/huset.se\/wp-content\/uploads\/2024\/03\/bostadsvaljaren_preview.jpg\" class=\"attachment-full size-full wp-image-25014\" alt=\"Modell eines Nachbarschaftshauses f\u00fcr Wohnprojekte auf Huset.se, dem Zentrum f\u00fcr urbanen Lebensstil.\" srcset=\"https:\/\/huset.se\/wp-content\/uploads\/2024\/03\/bostadsvaljaren_preview.jpg 1113w, https:\/\/huset.se\/wp-content\/uploads\/2024\/03\/bostadsvaljaren_preview-300x160.webp 300w, https:\/\/huset.se\/wp-content\/uploads\/2024\/03\/bostadsvaljaren_preview-1024x546.webp 1024w, https:\/\/huset.se\/wp-content\/uploads\/2024\/03\/bostadsvaljaren_preview-768x409.webp 768w, https:\/\/huset.se\/wp-content\/uploads\/2024\/03\/bostadsvaljaren_preview-18x10.webp 18w, https:\/\/huset.se\/wp-content\/uploads\/2024\/03\/bostadsvaljaren_preview-496x264.webp 496w\" sizes=\"(max-width: 1113px) 100vw, 1113px\" \/>\t\t\t\t\t\t\t\t\t\t\t\t\t\t\t<\/div>\n\t\t\t\t\t<\/div>\n\t\t<\/div>\n\t\t\t\t\t<\/div>\n\t\t<\/section>\n\t\t\t\t<section class=\"elementor-section elementor-top-section elementor-element elementor-element-421fa8c elementor-section-content-middle elementor-section-boxed elementor-section-height-default elementor-section-height-default\" data-id=\"421fa8c\" data-element_type=\"section\" data-settings=\"{&quot;background_background&quot;:&quot;classic&quot;}\">\n\t\t\t\t\t\t<div class=\"elementor-container elementor-column-gap-no\">\n\t\t\t\t\t<div class=\"elementor-column elementor-col-100 elementor-top-column elementor-element elementor-element-118dea6\" data-id=\"118dea6\" data-element_type=\"column\">\n\t\t\t<div class=\"elementor-widget-wrap elementor-element-populated\">\n\t\t\t\t\t\t<div class=\"elementor-element elementor-element-57f46a0 elementor-widget elementor-widget-text-editor\" data-id=\"57f46a0\" data-element_type=\"widget\" data-widget_type=\"text-editor.default\">\n\t\t\t\t\t\t\t\t\t<p>Der Wohnungsselektor - vom \u00dcberblick zum Einblick<\/p>\t\t\t\t\t\t\t\t<\/div>\n\t\t\t\t<div class=\"elementor-element elementor-element-8107d98 elementor-widget elementor-widget-text-editor\" data-id=\"8107d98\" data-element_type=\"widget\" data-widget_type=\"text-editor.default\">\n\t\t\t\t\t\t\t\t\t<p class=\"\" data-start=\"1092\" data-end=\"1413\">Der Home Selector ist ein interaktives Tool, mit dem man sich das gesamte Projekt ansehen und in jedes einzelne Haus eintauchen kann. Kunden k\u00f6nnen zwischen den Etagen navigieren, Standorte vergleichen, Grundrisse herunterladen, Anfahrtsbeschreibungen einsehen und auf alle relevanten Informationen zugreifen - alles auf einer intuitiven und eleganten Oberfl\u00e4che.<\/p><p class=\"\" data-start=\"1415\" data-end=\"1545\">Jede Eigentumswohnung kann auch in VR erlebt werden, um ein realistisches Gef\u00fchl f\u00fcr das Leben im neuen Zuhause zu bekommen - noch bevor es gebaut wird. <a href=\"https:\/\/huset.se\/bostadsvaljare\/\">Lesen Sie mehr \u00fcber den Geh\u00e4useselektor<\/a><\/p>\t\t\t\t\t\t\t\t<\/div>\n\t\t\t\t\t<\/div>\n\t\t<\/div>\n\t\t\t\t\t<\/div>\n\t\t<\/section>\n\t\t\t\t<section class=\"elementor-section elementor-top-section elementor-element elementor-element-aa599a3 elementor-section-boxed elementor-section-height-default elementor-section-height-default\" data-id=\"aa599a3\" data-element_type=\"section\" data-settings=\"{&quot;background_background&quot;:&quot;classic&quot;}\">\n\t\t\t\t\t\t<div class=\"elementor-container elementor-column-gap-default\">\n\t\t\t\t\t<div class=\"elementor-column elementor-col-100 elementor-top-column elementor-element elementor-element-bb233cc\" data-id=\"bb233cc\" data-element_type=\"column\">\n\t\t\t<div class=\"elementor-widget-wrap elementor-element-populated\">\n\t\t\t\t\t\t<div class=\"elementor-element elementor-element-76e9f13 elementor-widget elementor-widget-spacer\" data-id=\"76e9f13\" data-element_type=\"widget\" data-widget_type=\"spacer.default\">\n\t\t\t\t\t\t\t<div class=\"elementor-spacer\">\n\t\t\t<div class=\"elementor-spacer-inner\"><\/div>\n\t\t<\/div>\n\t\t\t\t\t\t<\/div>\n\t\t\t\t\t<\/div>\n\t\t<\/div>\n\t\t\t\t\t<\/div>\n\t\t<\/section>\n\t\t\t\t<section class=\"elementor-section elementor-top-section elementor-element elementor-element-f44eedd elementor-section-content-middle elementor-reverse-mobile elementor-reverse-tablet elementor-section-boxed elementor-section-height-default elementor-section-height-default\" data-id=\"f44eedd\" data-element_type=\"section\" data-settings=\"{&quot;background_background&quot;:&quot;classic&quot;}\">\n\t\t\t\t\t\t<div class=\"elementor-container elementor-column-gap-no\">\n\t\t\t\t\t<div class=\"elementor-column elementor-col-100 elementor-top-column elementor-element elementor-element-aca57cc\" data-id=\"aca57cc\" data-element_type=\"column\">\n\t\t\t<div class=\"elementor-widget-wrap elementor-element-populated\">\n\t\t\t\t\t\t<div class=\"elementor-element elementor-element-d297611 elementor-widget elementor-widget-image\" data-id=\"d297611\" data-element_type=\"widget\" data-widget_type=\"image.default\">\n\t\t\t\t\t\t\t\t\t\t\t\t\t\t\t<img decoding=\"async\" width=\"2560\" height=\"1707\" src=\"https:\/\/huset.se\/wp-content\/uploads\/2023\/12\/kok-scaled.jpg\" class=\"attachment-full size-full wp-image-23691\" alt=\"Alta text: Moderne K\u00fcche mit grauen Schr\u00e4nken, Gasherd und K\u00fcchenger\u00e4ten in hellen T\u00f6nen.\" srcset=\"https:\/\/huset.se\/wp-content\/uploads\/2023\/12\/kok-scaled.jpg 2560w, https:\/\/huset.se\/wp-content\/uploads\/2023\/12\/kok-300x200.jpg 300w, https:\/\/huset.se\/wp-content\/uploads\/2023\/12\/kok-1024x683.jpg 1024w, https:\/\/huset.se\/wp-content\/uploads\/2023\/12\/kok-768x512.jpg 768w, https:\/\/huset.se\/wp-content\/uploads\/2023\/12\/kok-1536x1024.jpg 1536w, https:\/\/huset.se\/wp-content\/uploads\/2023\/12\/kok-2048x1365.jpg 2048w, https:\/\/huset.se\/wp-content\/uploads\/2023\/12\/kok-18x12.jpg 18w, https:\/\/huset.se\/wp-content\/uploads\/2023\/12\/kok-900x600.jpg 900w, https:\/\/huset.se\/wp-content\/uploads\/2023\/12\/kok-496x331.jpg 496w\" sizes=\"(max-width: 2560px) 100vw, 2560px\" \/>\t\t\t\t\t\t\t\t\t\t\t\t\t\t\t<\/div>\n\t\t\t\t\t<\/div>\n\t\t<\/div>\n\t\t\t\t\t<\/div>\n\t\t<\/section>\n\t\t\t\t<section class=\"elementor-section elementor-top-section elementor-element elementor-element-f1f4f8a elementor-section-content-middle elementor-section-boxed elementor-section-height-default elementor-section-height-default\" data-id=\"f1f4f8a\" data-element_type=\"section\" data-settings=\"{&quot;background_background&quot;:&quot;classic&quot;}\">\n\t\t\t\t\t\t<div class=\"elementor-container elementor-column-gap-no\">\n\t\t\t\t\t<div class=\"elementor-column elementor-col-100 elementor-top-column elementor-element elementor-element-76b7597\" data-id=\"76b7597\" data-element_type=\"column\">\n\t\t\t<div class=\"elementor-widget-wrap elementor-element-populated\">\n\t\t\t\t\t\t<div class=\"elementor-element elementor-element-3d49b97 elementor-widget elementor-widget-text-editor\" data-id=\"3d49b97\" data-element_type=\"widget\" data-widget_type=\"text-editor.default\">\n\t\t\t\t\t\t\t\t\t<p>Der Konfigurator - personalisieren Sie Ihr Zuhause<\/p>\t\t\t\t\t\t\t\t<\/div>\n\t\t\t\t<div class=\"elementor-element elementor-element-043dcc9 elementor-widget elementor-widget-text-editor\" data-id=\"043dcc9\" data-element_type=\"widget\" data-widget_type=\"text-editor.default\">\n\t\t\t\t\t\t\t\t\t<p class=\"\" data-start=\"1600\" data-end=\"1857\">Unser exklusiver Konfigurator bietet ein ausgekl\u00fcgeltes Optionssystem, das es den K\u00e4ufern erm\u00f6glicht, ihr Haus nach ihrem eigenen Geschmack zu gestalten. Mit Hilfe von Inspirationspaketen und Stilkonzepten k\u00f6nnen die Kunden Einrichtungsl\u00f6sungen, Materialien und Farbschemata ausw\u00e4hlen - direkt im Tool.<\/p><p class=\"\" data-start=\"1859\" data-end=\"1993\">Die Auswahlm\u00f6glichkeiten werden in Echtzeit klar visualisiert, und es wird automatisch eine vollst\u00e4ndige \u00dcbersicht erstellt, die in das Projektmanagement und den Einkauf integriert werden kann. <a href=\"https:\/\/huset.se\/konfigurator\/\">Lesen Sie mehr \u00fcber den Konfigurator<\/a><\/p>\t\t\t\t\t\t\t\t<\/div>\n\t\t\t\t\t<\/div>\n\t\t<\/div>\n\t\t\t\t\t<\/div>\n\t\t<\/section>\n\t\t\t\t<\/div>","protected":false},"excerpt":{"rendered":"<p>Neubau - erleben Sie die Zukunft der Immobilien Die Entscheidung f\u00fcr ein neues Zuhause ist eine Entscheidung voller Visionen, Vorfreude und Details. Mit den digitalen L\u00f6sungen von Huset f\u00fcr den Neubau heben wir dieses Erlebnis auf eine neue Ebene - wo jeder Quadratmeter erkundet, angepasst und verstanden werden kann, bevor ein einziger Schritt auf der Baustelle getan wird. F\u00fcr Architekten, Bauherren und Bautr\u00e4ger. Unsere [...]<\/p>","protected":false},"author":25,"featured_media":0,"parent":0,"menu_order":0,"comment_status":"closed","ping_status":"closed","template":"template\/template-homepage.php","meta":{"_et_pb_use_builder":"","_et_pb_old_content":"","_et_gb_content_width":"","footnotes":""},"class_list":["post-27039","page","type-page","status-publish","hentry"],"_links":{"self":[{"href":"https:\/\/huset.se\/de\/wp-json\/wp\/v2\/pages\/27039","targetHints":{"allow":["GET"]}}],"collection":[{"href":"https:\/\/huset.se\/de\/wp-json\/wp\/v2\/pages"}],"about":[{"href":"https:\/\/huset.se\/de\/wp-json\/wp\/v2\/types\/page"}],"author":[{"embeddable":true,"href":"https:\/\/huset.se\/de\/wp-json\/wp\/v2\/users\/25"}],"replies":[{"embeddable":true,"href":"https:\/\/huset.se\/de\/wp-json\/wp\/v2\/comments?post=27039"}],"version-history":[{"count":19,"href":"https:\/\/huset.se\/de\/wp-json\/wp\/v2\/pages\/27039\/revisions"}],"predecessor-version":[{"id":27736,"href":"https:\/\/huset.se\/de\/wp-json\/wp\/v2\/pages\/27039\/revisions\/27736"}],"wp:attachment":[{"href":"https:\/\/huset.se\/de\/wp-json\/wp\/v2\/media?parent=27039"}],"curies":[{"name":"wp","href":"https:\/\/api.w.org\/{rel}","templated":true}]}}