{"id":24126,"date":"2023-12-31T15:06:54","date_gmt":"2023-12-31T14:06:54","guid":{"rendered":"https:\/\/huset.se\/?page_id=24126"},"modified":"2025-05-23T12:37:18","modified_gmt":"2025-05-23T10:37:18","slug":"konfigurator","status":"publish","type":"page","link":"https:\/\/huset.se\/de\/konfigurator\/","title":{"rendered":"Konfigurator"},"content":{"rendered":"<div data-elementor-type=\"wp-page\" data-elementor-id=\"24126\" class=\"elementor elementor-24126\">\n\t\t\t\t\t\t<section class=\"elementor-section elementor-top-section elementor-element elementor-element-3fcf4f0 elementor-section-content-middle elementor-section-boxed elementor-section-height-default elementor-section-height-default\" data-id=\"3fcf4f0\" data-element_type=\"section\" data-settings=\"{&quot;background_background&quot;:&quot;classic&quot;}\">\n\t\t\t\t\t\t<div class=\"elementor-container elementor-column-gap-no\">\n\t\t\t\t\t<div class=\"elementor-column elementor-col-50 elementor-top-column elementor-element elementor-element-7e996f3\" data-id=\"7e996f3\" data-element_type=\"column\">\n\t\t\t<div class=\"elementor-widget-wrap elementor-element-populated\">\n\t\t\t\t\t\t<div class=\"elementor-element elementor-element-510da34 elementor-widget elementor-widget-text-editor\" data-id=\"510da34\" data-element_type=\"widget\" data-widget_type=\"text-editor.default\">\n\t\t\t\t\t\t\t\t\t<p>Interaktive Werkzeuge<\/p>\t\t\t\t\t\t\t\t<\/div>\n\t\t\t\t<div class=\"elementor-element elementor-element-c60138d elementor-widget elementor-widget-heading\" data-id=\"c60138d\" data-element_type=\"widget\" data-widget_type=\"heading.default\">\n\t\t\t\t\t<h2 class=\"elementor-heading-title elementor-size-default\">Konfigurator<\/h2>\t\t\t\t<\/div>\n\t\t\t\t<div class=\"elementor-element elementor-element-cf32b9b elementor-widget-divider--view-line elementor-widget elementor-widget-divider\" data-id=\"cf32b9b\" data-element_type=\"widget\" data-widget_type=\"divider.default\">\n\t\t\t\t\t\t\t<div class=\"elementor-divider\">\n\t\t\t<span class=\"elementor-divider-separator\">\n\t\t\t\t\t\t<\/span>\n\t\t<\/div>\n\t\t\t\t\t\t<\/div>\n\t\t\t\t\t<\/div>\n\t\t<\/div>\n\t\t\t\t<div class=\"elementor-column elementor-col-50 elementor-top-column elementor-element elementor-element-390a2a6\" data-id=\"390a2a6\" data-element_type=\"column\">\n\t\t\t<div class=\"elementor-widget-wrap elementor-element-populated\">\n\t\t\t\t\t\t<div class=\"elementor-element elementor-element-589ea35 elementor-widget elementor-widget-image\" data-id=\"589ea35\" data-element_type=\"widget\" data-widget_type=\"image.default\">\n\t\t\t\t\t\t\t\t\t\t\t\t\t\t\t<img decoding=\"async\" src=\"https:\/\/huset.se\/wp-content\/uploads\/2023\/12\/kok-scaled.jpg\" title=\"Moderne K\u00fcche mit hellen Schr\u00e4nken.\" alt=\"Alta text: Moderne K\u00fcche mit grauen Schr\u00e4nken, Gasherd und K\u00fcchenger\u00e4ten in hellen T\u00f6nen.\" class=\"elementor-animation-grow\" loading=\"lazy\" \/>\t\t\t\t\t\t\t\t\t\t\t\t\t\t\t<\/div>\n\t\t\t\t\t<\/div>\n\t\t<\/div>\n\t\t\t\t\t<\/div>\n\t\t<\/section>\n\t\t\t\t<section class=\"elementor-section elementor-top-section elementor-element elementor-element-38c3335 elementor-section-content-middle elementor-reverse-mobile elementor-reverse-tablet elementor-section-boxed elementor-section-height-default elementor-section-height-default\" data-id=\"38c3335\" data-element_type=\"section\" data-settings=\"{&quot;background_background&quot;:&quot;classic&quot;}\">\n\t\t\t\t\t\t<div class=\"elementor-container elementor-column-gap-no\">\n\t\t\t\t\t<div class=\"elementor-column elementor-col-100 elementor-top-column elementor-element elementor-element-efbfba1\" data-id=\"efbfba1\" data-element_type=\"column\">\n\t\t\t<div class=\"elementor-widget-wrap elementor-element-populated\">\n\t\t\t\t\t\t<div class=\"elementor-element elementor-element-db94760 elementor-widget__width-initial elementor-widget-mobile__width-inherit elementor-widget-tablet__width-inherit elementor-widget elementor-widget-text-editor\" data-id=\"db94760\" data-element_type=\"widget\" data-widget_type=\"text-editor.default\">\n\t\t\t\t\t\t\t\t\t<p>Realistisches und interaktives optionales System f\u00fcr neue Geb\u00e4ude<\/p>\t\t\t\t\t\t\t\t<\/div>\n\t\t\t\t<div class=\"elementor-element elementor-element-c98a4ae elementor-widget__width-initial elementor-widget-tablet__width-inherit elementor-widget-mobile__width-initial elementor-widget elementor-widget-text-editor\" data-id=\"c98a4ae\" data-element_type=\"widget\" data-widget_type=\"text-editor.default\">\n\t\t\t\t\t\t\t\t\t<p>Mit unserem <strong>innovativer Konfigurator<\/strong> k\u00f6nnen wir ein vielf\u00e4ltiges und<strong> ma\u00dfgeschneiderte L\u00f6sung<\/strong> f\u00fcr verschiedene Arten von Projekten, unabh\u00e4ngig davon, ob es sich um v\u00f6llig neue <strong>Bauprojekt<\/strong>, <strong>umfangreiche Renovierungen<\/strong> oder spezifische Aktualisierungen <strong>f\u00fcr bestehende Immobilien<\/strong>. Unser System ist so konzipiert, dass es ein H\u00f6chstma\u00df an Flexibilit\u00e4t und Anpassungsf\u00e4higkeit bietet. Dies wird erreicht, indem wir eine Reihe von Paketoptionen anbieten, von standardisierten Produktreihen bis hin zu vollst\u00e4ndig anpassbaren Optionen, die Sie als Kunde nach Ihren spezifischen W\u00fcnschen und Bed\u00fcrfnissen kombinieren k\u00f6nnen.<\/p><p>Unter <strong>einzigartig<\/strong> Funktion in unserem <strong>Konfigurator<\/strong> ist die F\u00e4higkeit zu schaffen <strong>fertig<\/strong> Stilkonzepte oder Inspirationspakete. Diese Pakete k\u00f6nnen vom Endkunden einfach ausgew\u00e4hlt werden und bieten eine solide Grundlage f\u00fcr Design und Einrichtung, lassen aber gleichzeitig Raum f\u00fcr pers\u00f6nliche Anpassungen. Um das Potenzial des Projekts zu verdeutlichen und zu visualisieren, werden alle Konfigurationen in klaren 2D-Zeichnungen dargestellt. Diese Visualisierung erleichtert es Ihnen und Ihren Kunden, sich einen klaren \u00dcberblick \u00fcber den geplanten Raum zu verschaffen.<\/p><p>Zur weiteren <strong>vereinfachen<\/strong> und <strong>den Prozess zu straffen<\/strong>\u00fcbernehmen wir die Verantwortung f\u00fcr die detaillierte Planung und Gestaltung des Projekts. Das hei\u00dft, Sie k\u00f6nnen sich auf die gro\u00dfen Entscheidungen und die Gesamtvision konzentrieren, w\u00e4hrend wir uns um die Details k\u00fcmmern.<\/p><p>Nach Abschluss einer Konfiguration erh\u00e4lt der Kunde einen umfassenden \u00dcberblick \u00fcber die ausgew\u00e4hlten Gestaltungselemente und die Gesamtkostensch\u00e4tzung. Diese Zusammenfassung kann dann nahtlos an die relevanten Parteien innerhalb des Projekts, wie z. B. den Projektmanager oder die Einkaufsabteilung, zur weiteren Bearbeitung weitergeleitet werden. Unser Konfigurator ist mehr als nur ein Werkzeug zur Auswahl von Design und Ausstattung; er ist eine umfassende L\u00f6sung zur Rationalisierung und Optimierung des Managements von Bauprojekten, unabh\u00e4ngig von Umfang und Komplexit\u00e4t.<\/p><p>Durch die Integration unseres Konfigurators in Ihr Bauprojekt erhalten Sie Zugang zu einem hohen Ma\u00df an individueller Anpassung und Kontrolle, was einen reibungsloseren, kosteng\u00fcnstigeren und gut organisierten Prozess von Anfang bis Ende erm\u00f6glicht.<\/p>\t\t\t\t\t\t\t\t<\/div>\n\t\t\t\t\t<\/div>\n\t\t<\/div>\n\t\t\t\t\t<\/div>\n\t\t<\/section>\n\t\t\t\t<section class=\"elementor-section elementor-top-section elementor-element elementor-element-4ec5bab elementor-reverse-tablet elementor-reverse-mobile elementor-section-full_width elementor-section-height-default elementor-section-height-default\" data-id=\"4ec5bab\" data-element_type=\"section\" data-settings=\"{&quot;background_background&quot;:&quot;classic&quot;}\">\n\t\t\t\t\t\t<div class=\"elementor-container elementor-column-gap-default\">\n\t\t\t\t\t<div class=\"elementor-column elementor-col-100 elementor-top-column elementor-element elementor-element-021ff1f\" data-id=\"021ff1f\" data-element_type=\"column\" data-settings=\"{&quot;background_background&quot;:&quot;classic&quot;}\">\n\t\t\t<div class=\"elementor-widget-wrap elementor-element-populated\">\n\t\t\t\t\t\t<div class=\"elementor-element elementor-element-52ac1f6 elementor-widget elementor-widget-shortcode\" data-id=\"52ac1f6\" data-element_type=\"widget\" data-widget_type=\"shortcode.default\">\n\t\t\t\t\t\t\t<div class=\"elementor-shortcode\">[wpc_config id=\"23701\"]<\/div>\n\t\t\t\t\t\t<\/div>\n\t\t\t\t\t<\/div>\n\t\t<\/div>\n\t\t\t\t\t<\/div>\n\t\t<\/section>\n\t\t\t\t<section class=\"elementor-section elementor-top-section elementor-element elementor-element-ec189cb elementor-section-boxed elementor-section-height-default elementor-section-height-default\" data-id=\"ec189cb\" data-element_type=\"section\" data-settings=\"{&quot;background_background&quot;:&quot;classic&quot;}\">\n\t\t\t\t\t\t<div class=\"elementor-container elementor-column-gap-default\">\n\t\t\t\t\t<div class=\"elementor-column elementor-col-100 elementor-top-column elementor-element elementor-element-8ea995b\" data-id=\"8ea995b\" data-element_type=\"column\">\n\t\t\t<div class=\"elementor-widget-wrap elementor-element-populated\">\n\t\t\t\t\t\t<div class=\"elementor-element elementor-element-1d47bcf elementor-widget elementor-widget-spacer\" data-id=\"1d47bcf\" data-element_type=\"widget\" data-widget_type=\"spacer.default\">\n\t\t\t\t\t\t\t<div class=\"elementor-spacer\">\n\t\t\t<div class=\"elementor-spacer-inner\"><\/div>\n\t\t<\/div>\n\t\t\t\t\t\t<\/div>\n\t\t\t\t<div class=\"elementor-element elementor-element-12c84b0 elementor-widget elementor-widget-heading\" data-id=\"12c84b0\" data-element_type=\"widget\" data-widget_type=\"heading.default\">\n\t\t\t\t\t<span class=\"elementor-heading-title elementor-size-default\">Lesen Sie mehr \u00fcber den Housing Selector f\u00fcr Neubauten<\/span>\t\t\t\t<\/div>\n\t\t\t\t<div class=\"elementor-element elementor-element-e35c99d elementor-align-center elementor-widget elementor-widget-button\" data-id=\"e35c99d\" data-element_type=\"widget\" data-widget_type=\"button.default\">\n\t\t\t\t\t\t\t\t\t\t<a class=\"elementor-button elementor-button-link elementor-size-sm\" href=\"https:\/\/huset.se\/bostadsvaljare\/\">\n\t\t\t\t\t\t<span class=\"elementor-button-content-wrapper\">\n\t\t\t\t\t\t\t\t\t<span class=\"elementor-button-text\">Mehr lesen<\/span>\n\t\t\t\t\t<\/span>\n\t\t\t\t\t<\/a>\n\t\t\t\t\t\t\t\t<\/div>\n\t\t\t\t<div class=\"elementor-element elementor-element-78cab11 elementor-widget elementor-widget-spacer\" data-id=\"78cab11\" data-element_type=\"widget\" data-widget_type=\"spacer.default\">\n\t\t\t\t\t\t\t<div class=\"elementor-spacer\">\n\t\t\t<div class=\"elementor-spacer-inner\"><\/div>\n\t\t<\/div>\n\t\t\t\t\t\t<\/div>\n\t\t\t\t\t<\/div>\n\t\t<\/div>\n\t\t\t\t\t<\/div>\n\t\t<\/section>\n\t\t\t\t<\/div>","protected":false},"excerpt":{"rendered":"<p>Interaktiver Tools-Konfigurator Realistisches und interaktives Optionssystem f\u00fcr Neubauten Mit unserem innovativen Konfigurator k\u00f6nnen wir eine vielseitige und ma\u00dfgeschneiderte L\u00f6sung f\u00fcr verschiedene Arten von Projekten anbieten, seien es ganz neue Bauprojekte, umfangreiche Renovierungen oder spezifische Aktualisierungen f\u00fcr bestehende Immobilien. Unser System ist so konzipiert, dass es ein H\u00f6chstma\u00df an Flexibilit\u00e4t und Anpassungsf\u00e4higkeit bietet. Dies wird erreicht [...]<\/p>","protected":false},"author":26,"featured_media":0,"parent":0,"menu_order":0,"comment_status":"closed","ping_status":"closed","template":"template\/template-homepage.php","meta":{"_et_pb_use_builder":"","_et_pb_old_content":"","_et_gb_content_width":"","footnotes":""},"class_list":["post-24126","page","type-page","status-publish","hentry"],"_links":{"self":[{"href":"https:\/\/huset.se\/de\/wp-json\/wp\/v2\/pages\/24126","targetHints":{"allow":["GET"]}}],"collection":[{"href":"https:\/\/huset.se\/de\/wp-json\/wp\/v2\/pages"}],"about":[{"href":"https:\/\/huset.se\/de\/wp-json\/wp\/v2\/types\/page"}],"author":[{"embeddable":true,"href":"https:\/\/huset.se\/de\/wp-json\/wp\/v2\/users\/26"}],"replies":[{"embeddable":true,"href":"https:\/\/huset.se\/de\/wp-json\/wp\/v2\/comments?post=24126"}],"version-history":[{"count":3,"href":"https:\/\/huset.se\/de\/wp-json\/wp\/v2\/pages\/24126\/revisions"}],"predecessor-version":[{"id":27745,"href":"https:\/\/huset.se\/de\/wp-json\/wp\/v2\/pages\/24126\/revisions\/27745"}],"wp:attachment":[{"href":"https:\/\/huset.se\/de\/wp-json\/wp\/v2\/media?parent=24126"}],"curies":[{"name":"wp","href":"https:\/\/api.w.org\/{rel}","templated":true}]}}