{"id":23765,"date":"2023-12-26T19:15:55","date_gmt":"2023-12-26T18:15:55","guid":{"rendered":"https:\/\/huset.se\/?page_id=23765"},"modified":"2024-04-13T18:55:48","modified_gmt":"2024-04-13T16:55:48","slug":"lets-take-a-walk","status":"publish","type":"page","link":"https:\/\/huset.se\/de\/lets-take-a-walk\/","title":{"rendered":"Machen wir einen Spaziergang!"},"content":{"rendered":"<div data-elementor-type=\"wp-page\" data-elementor-id=\"23765\" class=\"elementor elementor-23765\">\n\t\t\t\t\t\t<section class=\"elementor-section elementor-top-section elementor-element elementor-element-c5b647a elementor-section-boxed elementor-section-height-default elementor-section-height-default\" data-id=\"c5b647a\" data-element_type=\"section\" data-settings=\"{&quot;background_background&quot;:&quot;classic&quot;}\">\n\t\t\t\t\t\t<div class=\"elementor-container elementor-column-gap-default\">\n\t\t\t\t\t<div class=\"elementor-column elementor-col-100 elementor-top-column elementor-element elementor-element-4864c08\" data-id=\"4864c08\" data-element_type=\"column\">\n\t\t\t<div class=\"elementor-widget-wrap elementor-element-populated\">\n\t\t\t\t\t\t<div class=\"elementor-element elementor-element-ab55784 elementor-widget elementor-widget-spacer\" data-id=\"ab55784\" data-element_type=\"widget\" data-widget_type=\"spacer.default\">\n\t\t\t\t\t\t\t<div class=\"elementor-spacer\">\n\t\t\t<div class=\"elementor-spacer-inner\"><\/div>\n\t\t<\/div>\n\t\t\t\t\t\t<\/div>\n\t\t\t\t<div class=\"elementor-element elementor-element-b5ea1ea elementor-widget elementor-widget-heading\" data-id=\"b5ea1ea\" data-element_type=\"widget\" data-widget_type=\"heading.default\">\n\t\t\t\t\t<h2 class=\"elementor-heading-title elementor-size-default\">Machen wir einen Spaziergang!<\/h2>\t\t\t\t<\/div>\n\t\t\t\t<div class=\"elementor-element elementor-element-54ab209 elementor-widget-divider--view-line elementor-widget elementor-widget-divider\" data-id=\"54ab209\" data-element_type=\"widget\" data-widget_type=\"divider.default\">\n\t\t\t\t\t\t\t<div class=\"elementor-divider\">\n\t\t\t<span class=\"elementor-divider-separator\">\n\t\t\t\t\t\t<\/span>\n\t\t<\/div>\n\t\t\t\t\t\t<\/div>\n\t\t\t\t<div class=\"elementor-element elementor-element-46ec174 elementor-widget elementor-widget-shortcode\" data-id=\"46ec174\" data-element_type=\"widget\" data-widget_type=\"shortcode.default\">\n\t\t\t\t\t\t\t<div class=\"elementor-shortcode\"><div style=\"position:relative;padding-top:56.25%;\"><iframe src=\"https:\/\/iframe.mediadelivery.net\/embed\/230487\/ccbb3812-0c1f-4673-a2a3-7e2a852feb46?autoplay=false&loop=false&muted=false&preload=true&responsive=true\" loading=\"lazy\" style=\"border:0;position:absolute;top:0;height:100%;width:100%;\" allow=\"accelerometer;gyroscope;autoplay;encrypted-media;picture-in-picture;\" allowfullscreen=\"true\"><\/iframe><\/div><\/div>\n\t\t\t\t\t\t<\/div>\n\t\t\t\t<div class=\"elementor-element elementor-element-5a58969 elementor-drop-cap-yes elementor-drop-cap-view-default elementor-widget elementor-widget-text-editor\" data-id=\"5a58969\" data-element_type=\"widget\" data-settings=\"{&quot;drop_cap&quot;:&quot;yes&quot;}\" data-widget_type=\"text-editor.default\">\n\t\t\t\t\t\t\t\t\t<p><span style=\"color: #ffffff;\"><strong><span style=\"font-size: 50px; text-align: center;\">L<\/span>\u00a0et's take a Walk!<\/strong><\/span> ist ein Dienst des Hauses, der es erm\u00f6glicht, um ein Immobilienobjekt in 3D herumzugehen.<\/p><p>Let's take a Walk ist ein innovativer Dienst, den das Immobilienunternehmen anbietet und der die traditionelle Immobilienbesichtigung in ein interaktives und fesselndes Erlebnis verwandelt. Dank dieses Dienstes k\u00f6nnen potenzielle K\u00e4ufer oder Mieter Immobilienobjekte in einer virtuellen 3D-Umgebung erkunden, \u00e4hnlich wie bei Computerspielen. Diese Funktion erm\u00f6glicht ein tieferes Verst\u00e4ndnis und eine bessere Einsch\u00e4tzung der Immobilie, die weit \u00fcber das hinausgeht, was herk\u00f6mmliche Fotos oder Videoansichten bieten k\u00f6nnen.<\/p><p>Die Benutzer steuern ihren virtuellen Spaziergang durch das Grundst\u00fcck mit der Maus und den Tastaturtasten W, A, S und D, einem in Computerspielen \u00fcblichen Steuerungsschema. Diese intuitive Schnittstelle macht es Nutzern aller Altersgruppen leicht, durch die virtuelle Umgebung zu navigieren und jeden Winkel der Immobilie in ihrem eigenen Tempo und aus verschiedenen Blickwinkeln zu erkunden. Ob es darum geht, die feinen Tischlerarbeiten zu betrachten, die Ger\u00e4umigkeit des Wohnzimmers zu erf\u00fchlen oder die Qualit\u00e4t der K\u00fcchenausstattung zu \u00fcberpr\u00fcfen, \"Let's take a walk!\" bietet einen Grad an Detailgenauigkeit und Interaktivit\u00e4t, der den Entscheidungsprozess des Kunden f\u00f6rdert.<\/p><p>Diese digitale Innovation erm\u00f6glicht nicht nur einen detaillierteren Blick auf die Immobilie, sondern bietet auch eine L\u00f6sung f\u00fcr logistische Herausforderungen wie Reisen und Terminkonflikte. Die Interessenten k\u00f6nnen nun bequem von zu Hause aus und zu jeder Tageszeit Immobilien besichtigen, was einen gr\u00f6\u00dferen Markt an potenziellen K\u00e4ufern und Mietern erschlie\u00dft.<\/p><p>Indem Huset,se die Technologie hinter \"Let's take a walk\" nutzt, positioniert sich das Unternehmen als Branchenf\u00fchrer, der Wert auf Innovation und Kundenzufriedenheit legt. Dieser Service ist ein leuchtendes Beispiel daf\u00fcr, wie digitale Fortschritte genutzt werden k\u00f6nnen, um das Kundenerlebnis zu verbessern und die Art und Weise, wie wir mit Immobilien umgehen, zu revolutionieren.<\/p>\t\t\t\t\t\t\t\t<\/div>\n\t\t\t\t<div class=\"elementor-element elementor-element-17fc081 elementor-widget elementor-widget-text-editor\" data-id=\"17fc081\" data-element_type=\"widget\" data-widget_type=\"text-editor.default\">\n\t\t\t\t\t\t\t\t\t<p>Bitte beachten Sie, dass sich der Dienst bei Huset in der Entwicklung befindet und das Endergebnis erheblich von dieser Pr\u00e4sentation abweichen kann. Die Immobilienobjekte werden in 3D gescannt und sind KEINE gerenderten 3D-Objekte.<\/p>\t\t\t\t\t\t\t\t<\/div>\n\t\t\t\t<div class=\"elementor-element elementor-element-3bc382e elementor-align-center elementor-widget elementor-widget-button\" data-id=\"3bc382e\" data-element_type=\"widget\" data-widget_type=\"button.default\">\n\t\t\t\t\t\t\t\t\t\t<a class=\"elementor-button elementor-button-link elementor-size-sm\" href=\"https:\/\/huset.se\/kontakta_oss\/\">\n\t\t\t\t\t\t<span class=\"elementor-button-content-wrapper\">\n\t\t\t\t\t\t<span class=\"elementor-button-icon\">\n\t\t\t\t<svg aria-hidden=\"true\" class=\"e-font-icon-svg e-far-gem\" viewbox=\"0 0 576 512\" xmlns=\"http:\/\/www.w3.org\/2000\/svg\"><path d=\"M464 0H112c-4 0-7.8 2-10 5.4L2 152.6c-2.9 4.4-2.6 10.2.7 14.2l276 340.8c4.8 5.9 13.8 5.9 18.6 0l276-340.8c3.3-4.1 3.6-9.8.7-14.2L474.1 5.4C471.8 2 468.1 0 464 0zm-19.3 48l63.3 96h-68.4l-51.7-96h56.8zm-202.1 0h90.7l51.7 96H191l51.6-96zm-111.3 0h56.8l-51.7 96H68l63.3-96zm-43 144h51.4L208 352 88.3 192zm102.9 0h193.6L288 435.3 191.2 192zM368 352l68.2-160h51.4L368 352z\"><\/path><\/svg>\t\t\t<\/span>\n\t\t\t\t\t\t\t\t\t<span class=\"elementor-button-text\">Kontaktieren Sie uns f\u00fcr eine pers\u00f6nliche Tour<\/span>\n\t\t\t\t\t<\/span>\n\t\t\t\t\t<\/a>\n\t\t\t\t\t\t\t\t<\/div>\n\t\t\t\t<div class=\"elementor-element elementor-element-870d6b5 elementor-widget elementor-widget-spacer\" data-id=\"870d6b5\" data-element_type=\"widget\" data-widget_type=\"spacer.default\">\n\t\t\t\t\t\t\t<div class=\"elementor-spacer\">\n\t\t\t<div class=\"elementor-spacer-inner\"><\/div>\n\t\t<\/div>\n\t\t\t\t\t\t<\/div>\n\t\t\t\t\t<\/div>\n\t\t<\/div>\n\t\t\t\t\t<\/div>\n\t\t<\/section>\n\t\t\t\t<\/div>","protected":false},"excerpt":{"rendered":"<p>Machen wir einen Spaziergang! Machen wir einen Spaziergang! ist ein Service des Hauses, der es Ihnen erm\u00f6glicht, eine Immobilie in 3D zu besichtigen. Let's take a Walk ist ein innovativer Service des Immobilienunternehmens, der traditionelle Immobilienbesichtigungen in ein interaktives und fesselndes Erlebnis verwandelt. Dank dieses Dienstes k\u00f6nnen potenzielle K\u00e4ufer oder Mieter Immobilienobjekte erkunden [...]<\/p>","protected":false},"author":26,"featured_media":0,"parent":0,"menu_order":0,"comment_status":"closed","ping_status":"closed","template":"template\/template-homepage.php","meta":{"_et_pb_use_builder":"","_et_pb_old_content":"","_et_gb_content_width":"","footnotes":""},"class_list":["post-23765","page","type-page","status-publish","hentry"],"_links":{"self":[{"href":"https:\/\/huset.se\/de\/wp-json\/wp\/v2\/pages\/23765","targetHints":{"allow":["GET"]}}],"collection":[{"href":"https:\/\/huset.se\/de\/wp-json\/wp\/v2\/pages"}],"about":[{"href":"https:\/\/huset.se\/de\/wp-json\/wp\/v2\/types\/page"}],"author":[{"embeddable":true,"href":"https:\/\/huset.se\/de\/wp-json\/wp\/v2\/users\/26"}],"replies":[{"embeddable":true,"href":"https:\/\/huset.se\/de\/wp-json\/wp\/v2\/comments?post=23765"}],"version-history":[{"count":0,"href":"https:\/\/huset.se\/de\/wp-json\/wp\/v2\/pages\/23765\/revisions"}],"wp:attachment":[{"href":"https:\/\/huset.se\/de\/wp-json\/wp\/v2\/media?parent=23765"}],"curies":[{"name":"wp","href":"https:\/\/api.w.org\/{rel}","templated":true}]}}