{"id":23716,"date":"2023-12-26T16:35:48","date_gmt":"2023-12-26T15:35:48","guid":{"rendered":"https:\/\/huset.se\/?page_id=23716"},"modified":"2024-10-20T18:32:53","modified_gmt":"2024-10-20T16:32:53","slug":"interaktiv-3d-modell","status":"publish","type":"page","link":"https:\/\/huset.se\/de\/interaktiv-3d-modell\/","title":{"rendered":"Interaktives 3D-Modell"},"content":{"rendered":"<div data-elementor-type=\"wp-page\" data-elementor-id=\"23716\" class=\"elementor elementor-23716\">\n\t\t\t\t\t\t<section class=\"elementor-section elementor-top-section elementor-element elementor-element-b4b2afa elementor-section-boxed elementor-section-height-default elementor-section-height-default\" data-id=\"b4b2afa\" data-element_type=\"section\" data-settings=\"{&quot;background_background&quot;:&quot;classic&quot;}\">\n\t\t\t\t\t\t<div class=\"elementor-container elementor-column-gap-default\">\n\t\t\t\t\t<div class=\"elementor-column elementor-col-100 elementor-top-column elementor-element elementor-element-ee2ca79\" data-id=\"ee2ca79\" data-element_type=\"column\">\n\t\t\t<div class=\"elementor-widget-wrap elementor-element-populated\">\n\t\t\t\t\t\t<div class=\"elementor-element elementor-element-8ee873a elementor-widget elementor-widget-spacer\" data-id=\"8ee873a\" data-element_type=\"widget\" data-widget_type=\"spacer.default\">\n\t\t\t\t\t\t\t<div class=\"elementor-spacer\">\n\t\t\t<div class=\"elementor-spacer-inner\"><\/div>\n\t\t<\/div>\n\t\t\t\t\t\t<\/div>\n\t\t\t\t<div class=\"elementor-element elementor-element-5da0c87 elementor-widget elementor-widget-heading\" data-id=\"5da0c87\" data-element_type=\"widget\" data-widget_type=\"heading.default\">\n\t\t\t\t\t<h2 class=\"elementor-heading-title elementor-size-default\">Interaktives 3D-Modell<\/h2>\t\t\t\t<\/div>\n\t\t\t\t<div class=\"elementor-element elementor-element-3232e9c elementor-widget-divider--view-line elementor-widget elementor-widget-divider\" data-id=\"3232e9c\" data-element_type=\"widget\" data-widget_type=\"divider.default\">\n\t\t\t\t\t\t\t<div class=\"elementor-divider\">\n\t\t\t<span class=\"elementor-divider-separator\">\n\t\t\t\t\t\t<\/span>\n\t\t<\/div>\n\t\t\t\t\t\t<\/div>\n\t\t\t\t<div class=\"elementor-element elementor-element-2b8f066 elementor-drop-cap-yes elementor-drop-cap-view-default elementor-widget elementor-widget-text-editor\" data-id=\"2b8f066\" data-element_type=\"widget\" data-settings=\"{&quot;drop_cap&quot;:&quot;yes&quot;}\" data-widget_type=\"text-editor.default\">\n\t\t\t\t\t\t\t\t\t<h5><span style=\"color: #ffffff;\">Mit der f\u00fchrenden 3D-Tour-Technologie von Huset k\u00f6nnen Sie Ihre Arbeit als Immobilienmakler und -verwalter auf die n\u00e4chste Stufe heben. Lassen Sie die interaktiven 3D-Modelle von Huset der Schl\u00fcssel zum Erfolg in Ihrem Immobiliengesch\u00e4ft sein.<\/span><\/h5>\t\t\t\t\t\t\t\t<\/div>\n\t\t\t\t<div class=\"elementor-element elementor-element-ae8b038 elementor-widget elementor-widget-shortcode\" data-id=\"ae8b038\" data-element_type=\"widget\" data-widget_type=\"shortcode.default\">\n\t\t\t\t\t\t\t<div class=\"elementor-shortcode\"><div style=\"position:relative;padding-top:56.25%;\"><iframe src=\"https:\/\/iframe.mediadelivery.net\/embed\/230487\/0d9e28e2-ffd4-4a89-8ff9-e2b60686e762?autoplay=false&loop=false&muted=false&preload=true&responsive=true\" loading=\"lazy\" style=\"border:0;position:absolute;top:0;height:100%;width:100%;\" allow=\"accelerometer;gyroscope;autoplay;encrypted-media;picture-in-picture;\" allowfullscreen=\"true\"><\/iframe><\/div><\/div>\n\t\t\t\t\t\t<\/div>\n\t\t\t\t<div class=\"elementor-element elementor-element-67bd27f elementor-drop-cap-yes elementor-drop-cap-view-default elementor-widget elementor-widget-text-editor\" data-id=\"67bd27f\" data-element_type=\"widget\" data-settings=\"{&quot;drop_cap&quot;:&quot;yes&quot;}\" data-widget_type=\"text-editor.default\">\n\t\t\t\t\t\t\t\t\t<p><span style=\"color: #ffffff;\">Mit der interaktiven 3D-Modellierung kann der Kunde die Immobilie in einer <em><strong>3D-Dimensionale Perspektive<\/strong><\/em>Das 3D-Objekt tr\u00e4gt zu einem besseren Verst\u00e4ndnis der Immobilie, ihrer Oberfl\u00e4che und ihres Charakters bei - etwas, das gew\u00f6hnliche 2D-Bilder unm\u00f6glich bieten k\u00f6nnen.\u00a0<\/span><\/p><p><span style=\"color: #ffffff;\">Erleben Sie die Vorteile der interaktiven 3D-Modelle von Huset und revolutionieren Sie die Art und Weise, wie Sie Ihre Immobilien pr\u00e4sentieren. Durch den Einsatz der fortschrittlichen Augmented-Reality-Technologie von Huset k\u00f6nnen Sie Ihre Immobilien in wertvolle Informationen verwandeln, die weit \u00fcber herk\u00f6mmliche virtuelle 3D-Touren hinausgehen.<\/span><\/p><p><span style=\"color: #ffffff;\">Was also unterscheidet ein echtes interaktives 3D-Modell von einer digitalen Anzeige? Es geht vor allem um die Tiefe. Ein virtueller Rundgang kann zwei Dimensionen erfassen - H\u00f6he und Breite -, aber echte dreidimensionale Rundg\u00e4nge erfassen auch die Tiefe. Dies wird in der Regel mit einer Spezialkamera erreicht, die mit mehreren Objektiven und Infrarottechnologie ausgestattet ist und die Tiefe erfassen und messen kann.\u00a0<\/span><\/p><ul><li><p><span style=\"color: #ffffff;\"><strong>* Detaillierte Grundrisse:<\/strong> Verschaffen Sie sich einen klaren \u00dcberblick \u00fcber den Grundriss der Immobilie, damit Sie den Raum besser verstehen und sch\u00e4tzen lernen.<\/span><\/p><\/li><li><p><span style=\"color: #ffffff;\"><strong>* Informative Etiketten:<\/strong> Heben Sie die wichtigsten Merkmale und Funktionen der Immobilie hervor, um potenziellen K\u00e4ufern oder Mietern alle erforderlichen Informationen zu geben.<\/span><\/p><\/li><li><p><span style=\"color: #ffffff;\"><strong>* Pr\u00e4zise Messungen:<\/strong> Mit pr\u00e4zisen Messungen, die bei der Planung und Einrichtung von R\u00e4umen helfen, ist das R\u00e4tselraten vorbei.<\/span><\/p><\/li><li><p><span style=\"color: #ffffff;\"><strong>* Umfassende Analysen:<\/strong> Profitieren Sie von tiefgreifenden Erkenntnissen, um die Immobilienverwaltung zu optimieren, die Kapitalplanung zu rationalisieren und den Leerstand zu verringern.<\/span><\/p><\/li><li><p><span style=\"color: #ffffff;\"><strong>* Realistische Erfahrung:<\/strong> Bieten Sie eine realit\u00e4tsnahe F\u00fchrung an, die physische F\u00fchrungen ersetzen kann und so Zeit und Ressourcen spart.<\/span><\/p><\/li><li><p><span style=\"color: #ffffff;\"><strong>* Weniger St\u00f6rungen:<\/strong> Potenzielle K\u00e4ufer k\u00f6nnen online leicht feststellen, ob eine Immobilie ihren Bed\u00fcrfnissen entspricht, wodurch unn\u00f6tige Besichtigungen und St\u00f6rungen f\u00fcr die Verk\u00e4ufer minimiert werden.<\/span><\/p><\/li><li><p><span style=\"color: #ffffff;\"><strong>* Erh\u00f6hte Zug\u00e4nglichkeit f\u00fcr K\u00e4ufer von au\u00dferhalb der Region:<\/strong> Erm\u00f6glicht es K\u00e4ufern, Immobilien virtuell zu besichtigen, was den K\u00e4uferstamm erweitert und die Verkaufschancen erh\u00f6ht.<\/span><\/p><\/li><li><span style=\"color: #ffffff;\"><strong>* Erleichtert schnellere Kaufentscheidungen:<\/strong> Ernsthafte K\u00e4ufer k\u00f6nnen durch den Zugang zu umfangreichen virtuellen Besichtigungen schneller eine Entscheidung treffen, was den Verkaufsprozess beschleunigt.<\/span><\/li><li>\u00a0<\/li><\/ul>\t\t\t\t\t\t\t\t<\/div>\n\t\t\t\t<div class=\"elementor-element elementor-element-cf1e8f1 elementor-drop-cap-yes elementor-drop-cap-view-default elementor-widget elementor-widget-text-editor\" data-id=\"cf1e8f1\" data-element_type=\"widget\" data-settings=\"{&quot;drop_cap&quot;:&quot;yes&quot;}\" data-widget_type=\"text-editor.default\">\n\t\t\t\t\t\t\t\t\t<h1><font color=\"#ffffff\">DIE VORTEILE EINER DIGITALEN 3D-ANZEIGE<\/font><\/h1>\n<ul>\n<li>&nbsp;<\/li>\n<\/ul>\n<p><span style=\"color: #ffffff;\">Zu den wichtigsten Vorteilen eines interaktiven 3D-Modells\/einer interaktiven 3D-Besichtigung f\u00fcr Immobilienmakler geh\u00f6rt das realit\u00e4tsnahe Erlebnis, das die Verbraucher eher dazu veranlasst, sie durch eine physische Besichtigung zu ersetzen. Dies f\u00fchrt zu weniger Unterbrechungen f\u00fcr den Verk\u00e4ufer, da potenzielle K\u00e4ufer feststellen k\u00f6nnen, ob ein Haus das Richtige f\u00fcr sie ist, bevor sie eine physische Besichtigung anfordern. K\u00e4ufer, die nicht in der N\u00e4he wohnen, sind eher bereit, ein Haus mit einer 3D-Tour zu kaufen, da sie die Immobilie besichtigen und erleben k\u00f6nnen, ohne vor Ort sein zu m\u00fcssen, wodurch sich gr\u00f6\u00dfere Verkaufschancen ergeben. Seri\u00f6se Hausk\u00e4ufer und Mieter k\u00f6nnen Entscheidungen treffen, ohne mehrere Besichtigungen derselben Immobilie anzufordern.<\/span><\/p>\t\t\t\t\t\t\t\t<\/div>\n\t\t\t\t<div class=\"elementor-element elementor-element-bf5f029 elementor-align-center elementor-widget elementor-widget-button\" data-id=\"bf5f029\" data-element_type=\"widget\" data-widget_type=\"button.default\">\n\t\t\t\t\t\t\t\t\t\t<a class=\"elementor-button elementor-button-link elementor-size-sm\" href=\"https:\/\/huset.se\/kontakta_oss\/\" id=\"a55\">\n\t\t\t\t\t\t<span class=\"elementor-button-content-wrapper\">\n\t\t\t\t\t\t<span class=\"elementor-button-icon\">\n\t\t\t\t<svg aria-hidden=\"true\" class=\"e-font-icon-svg e-far-gem\" viewbox=\"0 0 576 512\" xmlns=\"http:\/\/www.w3.org\/2000\/svg\"><path d=\"M464 0H112c-4 0-7.8 2-10 5.4L2 152.6c-2.9 4.4-2.6 10.2.7 14.2l276 340.8c4.8 5.9 13.8 5.9 18.6 0l276-340.8c3.3-4.1 3.6-9.8.7-14.2L474.1 5.4C471.8 2 468.1 0 464 0zm-19.3 48l63.3 96h-68.4l-51.7-96h56.8zm-202.1 0h90.7l51.7 96H191l51.6-96zm-111.3 0h56.8l-51.7 96H68l63.3-96zm-43 144h51.4L208 352 88.3 192zm102.9 0h193.6L288 435.3 191.2 192zM368 352l68.2-160h51.4L368 352z\"><\/path><\/svg>\t\t\t<\/span>\n\t\t\t\t\t\t\t\t\t<span class=\"elementor-button-text\">Kontakt<\/span>\n\t\t\t\t\t<\/span>\n\t\t\t\t\t<\/a>\n\t\t\t\t\t\t\t\t<\/div>\n\t\t\t\t<div class=\"elementor-element elementor-element-0cb40f8 elementor-widget elementor-widget-text-editor\" data-id=\"0cb40f8\" data-element_type=\"widget\" data-widget_type=\"text-editor.default\">\n\t\t\t\t\t\t\t\t\t<p>* Bitte beachten Sie, dass sich der Dienst bei Huset in der Entwicklung befindet und das Endergebnis erheblich von dieser Pr\u00e4sentation abweichen kann. Die Objekte werden in 3D gescannt und sind KEINE 3D gerenderten Objekte.<\/p>\t\t\t\t\t\t\t\t<\/div>\n\t\t\t\t<div class=\"elementor-element elementor-element-14b3cc3 elementor-widget elementor-widget-spacer\" data-id=\"14b3cc3\" data-element_type=\"widget\" data-widget_type=\"spacer.default\">\n\t\t\t\t\t\t\t<div class=\"elementor-spacer\">\n\t\t\t<div class=\"elementor-spacer-inner\"><\/div>\n\t\t<\/div>\n\t\t\t\t\t\t<\/div>\n\t\t\t\t<div class=\"elementor-element elementor-element-2ffc8ee elementor-widget elementor-widget-heading\" data-id=\"2ffc8ee\" data-element_type=\"widget\" data-widget_type=\"heading.default\">\n\t\t\t\t\t<h2 class=\"elementor-heading-title elementor-size-default\">3D-Objekt<\/h2>\t\t\t\t<\/div>\n\t\t\t\t<div class=\"elementor-element elementor-element-1a5b5a1 elementor-widget-divider--view-line elementor-widget elementor-widget-divider\" data-id=\"1a5b5a1\" data-element_type=\"widget\" data-widget_type=\"divider.default\">\n\t\t\t\t\t\t\t<div class=\"elementor-divider\">\n\t\t\t<span class=\"elementor-divider-separator\">\n\t\t\t\t\t\t<\/span>\n\t\t<\/div>\n\t\t\t\t\t\t<\/div>\n\t\t\t\t\t<\/div>\n\t\t<\/div>\n\t\t\t\t\t<\/div>\n\t\t<\/section>\n\t\t\t\t<section class=\"elementor-section elementor-top-section elementor-element elementor-element-868ccb5 elementor-section-content-middle elementor-reverse-tablet elementor-reverse-mobile elementor-section-boxed elementor-section-height-default elementor-section-height-default\" data-id=\"868ccb5\" data-element_type=\"section\" data-settings=\"{&quot;background_background&quot;:&quot;classic&quot;}\">\n\t\t\t\t\t\t<div class=\"elementor-container elementor-column-gap-no\">\n\t\t\t\t\t<div class=\"elementor-column elementor-col-50 elementor-top-column elementor-element elementor-element-006795f\" data-id=\"006795f\" data-element_type=\"column\">\n\t\t\t<div class=\"elementor-widget-wrap elementor-element-populated\">\n\t\t\t\t\t\t<div class=\"elementor-element elementor-element-2876435 elementor-widget elementor-widget-heading\" data-id=\"2876435\" data-element_type=\"widget\" data-widget_type=\"heading.default\">\n\t\t\t\t\t<h3 class=\"elementor-heading-title elementor-size-default\">Demo: Plan 1<\/h3>\t\t\t\t<\/div>\n\t\t\t\t<div class=\"elementor-element elementor-element-787edaa elementor-widget elementor-widget-shortcode\" data-id=\"787edaa\" data-element_type=\"widget\" data-widget_type=\"shortcode.default\">\n\t\t\t\t\t\t\t<div class=\"elementor-shortcode\">[ardisplay id=23359]<\/div>\n\t\t\t\t\t\t<\/div>\n\t\t\t\t<div class=\"elementor-element elementor-element-bd4f95d elementor-widget elementor-widget-text-editor\" data-id=\"bd4f95d\" data-element_type=\"widget\" data-widget_type=\"text-editor.default\">\n\t\t\t\t\t\t\t\t\t<p><em><span style=\"text-decoration-line: underline;\">HINWEIS: Dies ist eine Demo!<\/span><\/em><br>Besuchen Sie die Website mit einem Smartphone und visualisieren Sie das Objekt in Ihrer Umgebung.<br>Klicken Sie auf<span style=\"font-weight: 600;\">&nbsp;\"AR-Display\"-Symbole<\/span>&nbsp;in der rechten Ecke, um die 3D-Software zu starten.<br>Richten Sie dann die Kamera auf offenes Gel\u00e4nde.<br>Sie k\u00f6nnen das Objekt mit Ihren Fingern vergr\u00f6\u00dfern\/verkleinern und drehen.<br>100% bedeutet = Tats\u00e4chlicher Ma\u00dfstab.<br><\/p>\t\t\t\t\t\t\t\t<\/div>\n\t\t\t\t\t<\/div>\n\t\t<\/div>\n\t\t\t\t<div class=\"elementor-column elementor-col-50 elementor-top-column elementor-element elementor-element-d033502\" data-id=\"d033502\" data-element_type=\"column\">\n\t\t\t<div class=\"elementor-widget-wrap elementor-element-populated\">\n\t\t\t\t\t\t<div class=\"elementor-element elementor-element-60061e1 elementor-widget-divider--view-line elementor-widget elementor-widget-divider\" data-id=\"60061e1\" data-element_type=\"widget\" data-widget_type=\"divider.default\">\n\t\t\t\t\t\t\t<div class=\"elementor-divider\">\n\t\t\t<span class=\"elementor-divider-separator\">\n\t\t\t\t\t\t<\/span>\n\t\t<\/div>\n\t\t\t\t\t\t<\/div>\n\t\t\t\t<div class=\"elementor-element elementor-element-441d89e elementor-widget elementor-widget-heading\" data-id=\"441d89e\" data-element_type=\"widget\" data-widget_type=\"heading.default\">\n\t\t\t\t\t<h3 class=\"elementor-heading-title elementor-size-default\">3D-Objekt<\/h3>\t\t\t\t<\/div>\n\t\t\t\t<div class=\"elementor-element elementor-element-dc907df elementor-drop-cap-yes elementor-drop-cap-view-default elementor-widget elementor-widget-text-editor\" data-id=\"dc907df\" data-element_type=\"widget\" data-settings=\"{&quot;drop_cap&quot;:&quot;yes&quot;}\" data-widget_type=\"text-editor.default\">\n\t\t\t\t\t\t\t\t\t<p><span style=\"color: #ffffff; font-family: Helvetica, sans-serif; font-size: 19px;\">Dies ist ein 3D-gescanntes Objekt. <\/span><span style=\"font-family: Helvetica, sans-serif;\"><span style=\"font-size: 19px; font-weight: var( --e-global-typography-d168bf9-font-weight ); letter-spacing: var( --e-global-typography-d168bf9-letter-spacing ); word-spacing: var( --e-global-typography-d168bf9-word-spacing );\">Das 3D-Objekt bietet die ikonischste Perspektive bei der Untersuchung einer Immobilie. Es gibt keine effektivere Methode, um schnell ein umfassendes Verst\u00e4ndnis eines Raumes zu erlangen, als die Betrachtung der Immobilie von einem 3D-Objekt aus. <\/span><span style=\"font-size: 19px;\">dritte Perspektive<\/span><span style=\"font-size: 19px; font-weight: var( --e-global-typography-d168bf9-font-weight ); letter-spacing: var( --e-global-typography-d168bf9-letter-spacing ); word-spacing: var( --e-global-typography-d168bf9-word-spacing );\">.<\/span><\/span><\/p>\t\t\t\t\t\t\t\t<\/div>\n\t\t\t\t<div class=\"elementor-element elementor-element-a5421ac elementor-align-center elementor-widget elementor-widget-button\" data-id=\"a5421ac\" data-element_type=\"widget\" data-widget_type=\"button.default\">\n\t\t\t\t\t\t\t\t\t\t<a class=\"elementor-button elementor-button-link elementor-size-sm\" href=\"https:\/\/huset.se\/kontakta_oss\/\" id=\"a55\">\n\t\t\t\t\t\t<span class=\"elementor-button-content-wrapper\">\n\t\t\t\t\t\t<span class=\"elementor-button-icon\">\n\t\t\t\t<svg aria-hidden=\"true\" class=\"e-font-icon-svg e-far-gem\" viewbox=\"0 0 576 512\" xmlns=\"http:\/\/www.w3.org\/2000\/svg\"><path d=\"M464 0H112c-4 0-7.8 2-10 5.4L2 152.6c-2.9 4.4-2.6 10.2.7 14.2l276 340.8c4.8 5.9 13.8 5.9 18.6 0l276-340.8c3.3-4.1 3.6-9.8.7-14.2L474.1 5.4C471.8 2 468.1 0 464 0zm-19.3 48l63.3 96h-68.4l-51.7-96h56.8zm-202.1 0h90.7l51.7 96H191l51.6-96zm-111.3 0h56.8l-51.7 96H68l63.3-96zm-43 144h51.4L208 352 88.3 192zm102.9 0h193.6L288 435.3 191.2 192zM368 352l68.2-160h51.4L368 352z\"><\/path><\/svg>\t\t\t<\/span>\n\t\t\t\t\t\t\t\t\t<span class=\"elementor-button-text\">Kontakt<\/span>\n\t\t\t\t\t<\/span>\n\t\t\t\t\t<\/a>\n\t\t\t\t\t\t\t\t<\/div>\n\t\t\t\t\t<\/div>\n\t\t<\/div>\n\t\t\t\t\t<\/div>\n\t\t<\/section>\n\t\t\t\t<\/div>","protected":false},"excerpt":{"rendered":"<p>Interaktives 3D-Modell Mit der f\u00fchrenden Technologie von Huset f\u00fcr 3D-Touren k\u00f6nnen Sie Ihre Arbeit als Immobilienmakler und -verwalter auf die n\u00e4chste Stufe heben. Lassen Sie die interaktiven 3D-Modelle von Huset der Schl\u00fcssel zum Erfolg in Ihrem Immobiliengesch\u00e4ft sein. Mit dem interaktiven 3D-Modell kann der Kunde die Immobilie in einer dreidimensionalen Perspektive, als 3D-Objekt, sehen. Das 3D-Objekt tr\u00e4gt zu einer besseren Wahrnehmung der Immobilie, ihrer Oberfl\u00e4che [...]<\/p>","protected":false},"author":26,"featured_media":0,"parent":0,"menu_order":0,"comment_status":"closed","ping_status":"closed","template":"template\/template-homepage.php","meta":{"_et_pb_use_builder":"","_et_pb_old_content":"","_et_gb_content_width":"","footnotes":""},"class_list":["post-23716","page","type-page","status-publish","hentry"],"_links":{"self":[{"href":"https:\/\/huset.se\/de\/wp-json\/wp\/v2\/pages\/23716","targetHints":{"allow":["GET"]}}],"collection":[{"href":"https:\/\/huset.se\/de\/wp-json\/wp\/v2\/pages"}],"about":[{"href":"https:\/\/huset.se\/de\/wp-json\/wp\/v2\/types\/page"}],"author":[{"embeddable":true,"href":"https:\/\/huset.se\/de\/wp-json\/wp\/v2\/users\/26"}],"replies":[{"embeddable":true,"href":"https:\/\/huset.se\/de\/wp-json\/wp\/v2\/comments?post=23716"}],"version-history":[{"count":6,"href":"https:\/\/huset.se\/de\/wp-json\/wp\/v2\/pages\/23716\/revisions"}],"predecessor-version":[{"id":26109,"href":"https:\/\/huset.se\/de\/wp-json\/wp\/v2\/pages\/23716\/revisions\/26109"}],"wp:attachment":[{"href":"https:\/\/huset.se\/de\/wp-json\/wp\/v2\/media?parent=23716"}],"curies":[{"name":"wp","href":"https:\/\/api.w.org\/{rel}","templated":true}]}}