{"id":17353,"date":"2024-04-01T16:06:01","date_gmt":"2024-04-01T14:06:01","guid":{"rendered":"https:\/\/default.houzez.co\/?page_id=745"},"modified":"2024-04-01T16:06:10","modified_gmt":"2024-04-01T14:06:10","slug":"terms-and-conditions","status":"publish","type":"page","link":"https:\/\/huset.se\/de\/terms-and-conditions\/","title":{"rendered":"Bedingungen und Konditionen"},"content":{"rendered":"<div data-elementor-type=\"wp-page\" data-elementor-id=\"17353\" class=\"elementor elementor-17353\">\n\t\t\t\t\t\t<section class=\"elementor-section elementor-top-section elementor-element elementor-element-b0a3d57 elementor-section-boxed elementor-section-height-default elementor-section-height-default\" data-id=\"b0a3d57\" data-element_type=\"section\" data-settings=\"{&quot;background_background&quot;:&quot;classic&quot;}\">\n\t\t\t\t\t\t<div class=\"elementor-container elementor-column-gap-default\">\n\t\t\t\t\t<div class=\"elementor-column elementor-col-100 elementor-top-column elementor-element elementor-element-9ffa263\" data-id=\"9ffa263\" data-element_type=\"column\">\n\t\t\t<div class=\"elementor-widget-wrap elementor-element-populated\">\n\t\t\t\t\t\t<div class=\"elementor-element elementor-element-634e649 elementor-widget elementor-widget-spacer\" data-id=\"634e649\" data-element_type=\"widget\" data-widget_type=\"spacer.default\">\n\t\t\t\t\t\t\t<div class=\"elementor-spacer\">\n\t\t\t<div class=\"elementor-spacer-inner\"><\/div>\n\t\t<\/div>\n\t\t\t\t\t\t<\/div>\n\t\t\t\t<div class=\"elementor-element elementor-element-8bcea8e elementor-widget elementor-widget-text-editor\" data-id=\"8bcea8e\" data-element_type=\"widget\" data-widget_type=\"text-editor.default\">\n\t\t\t\t\t\t\t\t\t<h1 style=\"font-size: 2.53333rem;\">Bedingungen<p><\/p>\n<\/h1>\n<div>&nbsp;<\/div>\n<div>\n<h3><span style=\"font-size: 1.75rem;\"><a href=\"https:\/\/huset.se\/anvandarvillkor\/\">Bedingungen und Konditionen<\/a><\/span><\/h3>\n<\/div>\n<p>Hier finden Sie Informationen und Bedingungen f\u00fcr die Nutzung von www.huset.se durch Sie (\"als Besucher\"), die alle vom Haus ver\u00f6ffentlichten Immobilienangebote und Inhalte abdecken. <a href=\"https:\/\/huset.se\/anvandarvillkor\/\">Klicken Sie hier f\u00fcr weitere Informationen<\/a><br><span style=\"color: #161616; font-family: Roboto, Arial, sans-serif;\"><span style=\"font-size: 16px;\"><br><\/span><\/span><\/p>\n<div>\n<h3><a href=\"https:\/\/huset.se\/cookies\/\" target=\"_blank\">Kekse<\/a><br><\/h3>\n<\/div>\n<p>Hier finden Sie eine Zusammenfassung dar\u00fcber, was Cookies sind und wie und warum huset.se Cookies auf der Website verwendet. <a href=\"https:\/\/huset.se\/cookies\/\">Klicken Sie hier f\u00fcr weitere Informationen<\/a><\/p>\n<p><br><\/p>\n<p><\/p>\n<div>\n<h3><a href=\"https:\/\/huset.se\/integritet\/\">Politik in Bezug auf personenbezogene Daten<\/a><\/h3>\n<\/div>\n<p>Hier finden Sie Informationen dar\u00fcber, wie und zu welchem Zweck wir Ihre personenbezogenen Daten verarbeiten.&nbsp;<a href=\"https:\/\/huset.se\/integritet\/\" target=\"_blank\" style=\"background-color: rgb(255, 255, 255);\">Klicken Sie hier f\u00fcr weitere Informationen<\/a><\/p>\n<h1 style=\"font-size: 2.53333rem;\">&nbsp;<\/h1>\t\t\t\t\t\t\t\t<\/div>\n\t\t\t\t\t<\/div>\n\t\t<\/div>\n\t\t\t\t\t<\/div>\n\t\t<\/section>\n\t\t\t\t<\/div>","protected":false},"excerpt":{"rendered":"<p>Nutzungsbedingungen Hier finden Sie Informationen und Bedingungen f\u00fcr Sie (\"als Besucher\"), der www.huset.se nutzt und alle von Huset ver\u00f6ffentlichten Immobilienanzeigen und Inhalte abdeckt. Klicken Sie hier Cookies Hier finden Sie eine Zusammenfassung dar\u00fcber, was Cookies sind und wie und warum huset.se Cookies auf der Website verwendet. Klicken Sie hier Pers\u00f6nliche Datenpolitik Hier finden Sie [...]<\/p>","protected":false},"author":26,"featured_media":0,"parent":0,"menu_order":0,"comment_status":"closed","ping_status":"closed","template":"template\/template-homepage.php","meta":{"_et_pb_use_builder":"","_et_pb_old_content":"","_et_gb_content_width":"","footnotes":""},"class_list":["post-17353","page","type-page","status-publish","hentry"],"_links":{"self":[{"href":"https:\/\/huset.se\/de\/wp-json\/wp\/v2\/pages\/17353","targetHints":{"allow":["GET"]}}],"collection":[{"href":"https:\/\/huset.se\/de\/wp-json\/wp\/v2\/pages"}],"about":[{"href":"https:\/\/huset.se\/de\/wp-json\/wp\/v2\/types\/page"}],"author":[{"embeddable":true,"href":"https:\/\/huset.se\/de\/wp-json\/wp\/v2\/users\/26"}],"replies":[{"embeddable":true,"href":"https:\/\/huset.se\/de\/wp-json\/wp\/v2\/comments?post=17353"}],"version-history":[{"count":0,"href":"https:\/\/huset.se\/de\/wp-json\/wp\/v2\/pages\/17353\/revisions"}],"wp:attachment":[{"href":"https:\/\/huset.se\/de\/wp-json\/wp\/v2\/media?parent=17353"}],"curies":[{"name":"wp","href":"https:\/\/api.w.org\/{rel}","templated":true}]}}