{"id":27009,"date":"2025-05-20T16:25:51","date_gmt":"2025-05-20T14:25:51","guid":{"rendered":"https:\/\/huset.se\/?page_id=27009"},"modified":"2025-06-12T11:18:39","modified_gmt":"2025-06-12T09:18:39","slug":"ai-saljassistent","status":"publish","type":"page","link":"https:\/\/huset.se\/da\/ai-saljassistent\/","title":{"rendered":"Ai salgsassistent"},"content":{"rendered":"<div data-elementor-type=\"wp-page\" data-elementor-id=\"27009\" class=\"elementor elementor-27009\">\n\t\t\t\t\t\t<section class=\"elementor-section elementor-top-section elementor-element elementor-element-413b6f6 elementor-section-height-min-height elementor-section-boxed elementor-section-height-default elementor-section-items-middle\" data-id=\"413b6f6\" data-element_type=\"section\" data-settings=\"{&quot;background_background&quot;:&quot;classic&quot;}\">\n\t\t\t\t\t\t<div class=\"elementor-container elementor-column-gap-default\">\n\t\t\t\t\t<div class=\"elementor-column elementor-col-100 elementor-top-column elementor-element elementor-element-2481df3\" data-id=\"2481df3\" data-element_type=\"column\">\n\t\t\t<div class=\"elementor-widget-wrap elementor-element-populated\">\n\t\t\t\t\t\t<section class=\"elementor-section elementor-inner-section elementor-element elementor-element-3bd056b elementor-section-boxed elementor-section-height-default elementor-section-height-default\" data-id=\"3bd056b\" data-element_type=\"section\">\n\t\t\t\t\t\t<div class=\"elementor-container elementor-column-gap-default\">\n\t\t\t\t\t<div class=\"elementor-column elementor-col-100 elementor-inner-column elementor-element elementor-element-f3c0f3d\" data-id=\"f3c0f3d\" data-element_type=\"column\">\n\t\t\t<div class=\"elementor-widget-wrap\">\n\t\t\t\t\t\t\t<\/div>\n\t\t<\/div>\n\t\t\t\t\t<\/div>\n\t\t<\/section>\n\t\t\t\t\t<\/div>\n\t\t<\/div>\n\t\t\t\t\t<\/div>\n\t\t<\/section>\n\t\t\t\t<section class=\"elementor-section elementor-top-section elementor-element elementor-element-a2b7ec5 elementor-section-content-middle elementor-reverse-mobile elementor-reverse-tablet elementor-section-boxed elementor-section-height-default elementor-section-height-default\" data-id=\"a2b7ec5\" data-element_type=\"section\" data-settings=\"{&quot;background_background&quot;:&quot;classic&quot;}\">\n\t\t\t\t\t\t<div class=\"elementor-container elementor-column-gap-no\">\n\t\t\t\t\t<div class=\"elementor-column elementor-col-100 elementor-top-column elementor-element elementor-element-4aa6921\" data-id=\"4aa6921\" data-element_type=\"column\">\n\t\t\t<div class=\"elementor-widget-wrap\">\n\t\t\t\t\t\t\t<\/div>\n\t\t<\/div>\n\t\t\t\t\t<\/div>\n\t\t<\/section>\n\t\t\t\t<section class=\"elementor-section elementor-top-section elementor-element elementor-element-d299de9 elementor-section-content-middle elementor-section-boxed elementor-section-height-default elementor-section-height-default\" data-id=\"d299de9\" data-element_type=\"section\" data-settings=\"{&quot;background_background&quot;:&quot;classic&quot;}\">\n\t\t\t\t\t\t<div class=\"elementor-container elementor-column-gap-no\">\n\t\t\t\t\t<div class=\"elementor-column elementor-col-100 elementor-top-column elementor-element elementor-element-f87bdfe\" data-id=\"f87bdfe\" data-element_type=\"column\">\n\t\t\t<div class=\"elementor-widget-wrap elementor-element-populated\">\n\t\t\t\t\t\t<div class=\"elementor-element elementor-element-9158a97 elementor-widget elementor-widget-text-editor\" data-id=\"9158a97\" data-element_type=\"widget\" data-widget_type=\"text-editor.default\">\n\t\t\t\t\t\t\t\t\t<p>AI-salgsassistent og digital visning - din mest effektive f\u00f8rste kontakt<\/p>\t\t\t\t\t\t\t\t<\/div>\n\t\t\t\t<div class=\"elementor-element elementor-element-c260c55 elementor-widget elementor-widget-text-editor\" data-id=\"c260c55\" data-element_type=\"widget\" data-widget_type=\"text-editor.default\">\n\t\t\t\t\t\t\t\t\t<p class=\"\" data-start=\"281\" data-end=\"418\">At s\u00e6lge eller udleje en bolig kr\u00e6ver hurtighed, n\u00f8jagtighed og tilg\u00e6ngelighed - men det beh\u00f8ver ikke at tage al din tid.<\/p>\n<p class=\"\" data-start=\"420\" data-end=\"611\">Med <strong data-start=\"424\" data-end=\"474\">Digitale husrundvisninger og AI-salgsassistent<\/strong> Du f\u00e5r en komplet l\u00f8sning, der h\u00e5ndterer kundens f\u00f8rste kontakt, foresp\u00f8rgsler og kvalificering - automatisk, 24\/7 og p\u00e5 flere sprog.<\/p>\t\t\t\t\t\t\t\t<\/div>\n\t\t\t\t<div class=\"elementor-element elementor-element-e6e1800 elementor-widget elementor-widget-spacer\" data-id=\"e6e1800\" data-element_type=\"widget\" data-widget_type=\"spacer.default\">\n\t\t\t\t\t\t\t<div class=\"elementor-spacer\">\n\t\t\t<div class=\"elementor-spacer-inner\"><\/div>\n\t\t<\/div>\n\t\t\t\t\t\t<\/div>\n\t\t\t\t<div class=\"elementor-element elementor-element-97a82c7 elementor-widget elementor-widget-text-editor\" data-id=\"97a82c7\" data-element_type=\"widget\" data-widget_type=\"text-editor.default\">\n\t\t\t\t\t\t\t\t\t<p>Hvor service m\u00f8der sofistikeret pr\u00e6cision.<\/p>\t\t\t\t\t\t\t\t<\/div>\n\t\t\t\t<div class=\"elementor-element elementor-element-c205852 elementor-widget elementor-widget-text-editor\" data-id=\"c205852\" data-element_type=\"widget\" data-widget_type=\"text-editor.default\">\n\t\t\t\t\t\t\t\t\t<p class=\"\" data-start=\"281\" data-end=\"418\">S\u00e5dan fungerer det - fra f\u00f8rste klik til kvalificeret lead:<\/p>\t\t\t\t\t\t\t\t<\/div>\n\t\t\t\t<div class=\"elementor-element elementor-element-967c706 elementor-widget elementor-widget-text-editor\" data-id=\"967c706\" data-element_type=\"widget\" data-widget_type=\"text-editor.default\">\n\t\t\t\t\t\t\t\t\t<ol><li><u><b>F\u00f8rste kontakt - p\u00e5 dine betingelser <\/b><\/u><p>Rejsen kan starte p\u00e5 forskellige m\u00e5der - afh\u00e6ngigt af, hvordan du vil pr\u00e6sentere din bolig. Enten lader du kunden ringe direkte til vores AI-salgsassistent via et telefonnummer i annoncen. Assistenten pr\u00e6senterer boligen, svarer p\u00e5 sp\u00f8rgsm\u00e5l og sender et personligt SMS-link til den digitale fremvisning.<br \/>Eller kunden har allerede adgang til en digital rundvisning - hvor de til enhver tid kan kontakte AI-assistenten med et enkelt klik for at f\u00e5 eksklusiv vejledning og dybdeg\u00e5ende information.<\/p><\/li><li><b><u>Den digitale tur - en ekstraordin\u00e6r oplevelse <\/u><\/b><p>Gennem vores interaktive 3D-visning kan kunderne frit g\u00e5 rundt i ejendommen, opdage detaljer, forst\u00e5 indretningen og opleve v\u00e6relsernes karakter - i deres eget tempo, direkte via mobil, tablet eller computer.<\/p><\/li><li><b><u>Direkte dialog - n\u00e5r der opst\u00e5r sp\u00f8rgsm\u00e5l <\/u><\/b><p>Uanset indgangsvinklen er vores AI-salgsassistent altid klar. Med pr\u00e6cision, professionalisme og en trov\u00e6rdig tilgang besvarer den sp\u00f8rgsm\u00e5l, guider videre - og lader interessen modnes til beslutninger.<\/p><\/li><li><b><u>Svar p\u00e5 alle dine ejendomssp\u00f8rgsm\u00e5l - p\u00e5 det rigtige sprog <\/u><\/b><p>AI-assistenten kan svare p\u00e5 detaljerede sp\u00f8rgsm\u00e5l som: Pris pr. kvadratmeter? Er vand, varme eller elektricitet inkluderet i lejen? Er der parkering? Hvor bred er d\u00f8ren? Hvor h\u00f8jt er der til loftet? Er lokalerne tilpasset til handicappede?\u00a0<\/p><p>AI'en kommunikerer p\u00e5 flere sprog, herunder svensk, engelsk, norsk, dansk, tysk, finsk, fransk, italiensk, koreansk, kinesisk, japansk, spansk, hindi, gr\u00e6sk, bulgarsk, vietnamesisk og meget mere - hvilket g\u00f8r det nemt at m\u00f8de b\u00e5de nationale og internationale interessenter.<br \/><br \/><\/p><\/li><li><b><u>N\u00e5r der anmodes om personlig kontakt<\/u><\/b><br \/><p data-start=\"94\" data-end=\"348\">Hvis der \u00f8nskes direkte kontakt, sendes foresp\u00f8rgslen videre til den ansvarlige ejendomsm\u00e6gler eller boligejer - hurtigt, diskret og med den st\u00f8rste finesse. Kunden informeres om dette med samme omhu, som gennemsyrer hele oplevelsen.<\/p><p data-start=\"350\" data-end=\"607\" data-is-last-node=\"\" data-is-only-node=\"\">Vores AI-salgsassistent er ikke bare et svar p\u00e5 sp\u00f8rgsm\u00e5l - det er en teknologisk r\u00e5dgiver, der altid er klar til at vejlede, booke private fremvisninger og tilpasse information til hver enkelt kundes behov. En digital assistent i verdensklasse, der st\u00e5r til din r\u00e5dighed - d\u00f8gnet rundt.<\/p><\/li><li><b><u>Til sidst opsummeres samtalen - du tager det n\u00e6ste skridt<\/u><\/b><br \/>Hvert opkald analyseres automatisk og opsummeres i en overskuelig rapport, som sendes til den ansvarlige kontaktperson. Du kan se pr\u00e6cis, hvad kunden var interesseret i - og hurtigt beslutte, om det er et lead, der skal handles p\u00e5.<\/li><\/ol>\t\t\t\t\t\t\t\t<\/div>\n\t\t\t\t<div class=\"elementor-element elementor-element-ad47aa6 elementor-widget elementor-widget-spacer\" data-id=\"ad47aa6\" data-element_type=\"widget\" data-widget_type=\"spacer.default\">\n\t\t\t\t\t\t\t<div class=\"elementor-spacer\">\n\t\t\t<div class=\"elementor-spacer-inner\"><\/div>\n\t\t<\/div>\n\t\t\t\t\t\t<\/div>\n\t\t\t\t<div class=\"elementor-element elementor-element-0e56fc4 elementor-widget elementor-widget-text-editor\" data-id=\"0e56fc4\" data-element_type=\"widget\" data-widget_type=\"text-editor.default\">\n\t\t\t\t\t\t\t\t\t<p>AI, der lytter, kvalificerer og opsummerer - automatisk<\/p>\t\t\t\t\t\t\t\t<\/div>\n\t\t\t\t<div class=\"elementor-element elementor-element-afa8b10 elementor-widget elementor-widget-text-editor\" data-id=\"afa8b10\" data-element_type=\"widget\" data-widget_type=\"text-editor.default\">\n\t\t\t\t\t\t\t\t\t<p class=\"\" data-start=\"2040\" data-end=\"2164\">Det, der g\u00f8r denne l\u00f8sning st\u00e6rk, er ikke kun AI'ens evne til at besvare sp\u00f8rgsm\u00e5l - men hvad der sker. <strong data-start=\"2145\" data-end=\"2163\">efter opkaldet<\/strong>:<\/p><blockquote data-start=\"2166\" data-end=\"2289\"><p class=\"\" data-start=\"2168\" data-end=\"2289\">Forestil dig en spekulant, der ringer kl. 21.30 fra London og sp\u00f8rger:<br \/>\"Er der fibernet? Er vand inkluderet i huslejen?\"\u00a0<\/p><\/blockquote><ol data-start=\"836\" data-end=\"1961\"><li class=\"\" data-start=\"1694\" data-end=\"1961\">AI'en svarer med det samme - og du har et f\u00e6rdigt, professionelt resum\u00e9 i din indbakke lige efter opkaldet.\u00a0<\/li><\/ol>\t\t\t\t\t\t\t\t<\/div>\n\t\t\t\t<div class=\"elementor-element elementor-element-cb9f238 elementor-widget elementor-widget-spacer\" data-id=\"cb9f238\" data-element_type=\"widget\" data-widget_type=\"spacer.default\">\n\t\t\t\t\t\t\t<div class=\"elementor-spacer\">\n\t\t\t<div class=\"elementor-spacer-inner\"><\/div>\n\t\t<\/div>\n\t\t\t\t\t\t<\/div>\n\t\t\t\t<div class=\"elementor-element elementor-element-fedb202 elementor-widget elementor-widget-image\" data-id=\"fedb202\" data-element_type=\"widget\" data-widget_type=\"image.default\">\n\t\t\t\t\t\t\t\t\t\t\t\t\t\t\t<img fetchpriority=\"high\" decoding=\"async\" width=\"1000\" height=\"571\" src=\"https:\/\/huset.se\/wp-content\/uploads\/2024\/04\/Ai-huset.jpg\" class=\"attachment-full size-full wp-image-25847\" alt=\"AI og digitale teknologier i fokus.\" srcset=\"https:\/\/huset.se\/wp-content\/uploads\/2024\/04\/Ai-huset.jpg 1000w, https:\/\/huset.se\/wp-content\/uploads\/2024\/04\/Ai-huset-300x171.jpg 300w, https:\/\/huset.se\/wp-content\/uploads\/2024\/04\/Ai-huset-768x439.jpg 768w, https:\/\/huset.se\/wp-content\/uploads\/2024\/04\/Ai-huset-18x10.jpg 18w, https:\/\/huset.se\/wp-content\/uploads\/2024\/04\/Ai-huset-496x283.jpg 496w\" sizes=\"(max-width: 1000px) 100vw, 1000px\" \/>\t\t\t\t\t\t\t\t\t\t\t\t\t\t\t<\/div>\n\t\t\t\t<div class=\"elementor-element elementor-element-195877d elementor-widget elementor-widget-text-editor\" data-id=\"195877d\" data-element_type=\"widget\" data-widget_type=\"text-editor.default\">\n\t\t\t\t\t\t\t\t\t<p>Resultater, du ser med det samme<\/p>\t\t\t\t\t\t\t\t<\/div>\n\t\t\t\t<div class=\"elementor-element elementor-element-aa46c10 elementor-widget elementor-widget-text-editor\" data-id=\"aa46c10\" data-element_type=\"widget\" data-widget_type=\"text-editor.default\">\n\t\t\t\t\t\t\t\t\t<ul data-start=\"2433\" data-end=\"2849\"><li class=\"\" data-start=\"2433\" data-end=\"2515\"><p class=\"\" data-start=\"2435\" data-end=\"2515\">Ni <strong data-start=\"2438\" data-end=\"2473\">fanger varme kunder hurtigere<\/strong> - uden at v\u00e6re bundet til kontortid.<\/p><\/li><li class=\"\" data-start=\"2516\" data-end=\"2599\"><p class=\"\" data-start=\"2518\" data-end=\"2599\">Ni <strong data-start=\"2521\" data-end=\"2553\">bruger tid p\u00e5 de rigtige kontakter<\/strong> - og undg\u00e5 samtaler i blindgyder.<\/p><\/li><li class=\"\" data-start=\"2600\" data-end=\"2686\"><p class=\"\" data-start=\"2602\" data-end=\"2686\">Ni <strong data-start=\"2605\" data-end=\"2631\">reducerer behovet for arbejdskraft<\/strong> - AI'en klarer det, der tidligere kr\u00e6vede assistenter.<\/p><\/li><li class=\"\" data-start=\"2687\" data-end=\"2766\"><p class=\"\" data-start=\"2689\" data-end=\"2766\">Ni <strong data-start=\"2692\" data-end=\"2719\">tilbyder bedre service<\/strong> - tilg\u00e6ngelig p\u00e5 kundens sprog, d\u00f8gnet rundt.<\/p><\/li><li class=\"\" data-start=\"2767\" data-end=\"2849\"><p class=\"\" data-start=\"2769\" data-end=\"2849\">Ni <strong data-start=\"2772\" data-end=\"2795\">\u00f8ger konverteringen<\/strong> - gennem \u00f8jeblikkelige svar og en gnidningsfri kunderejse.<\/p><\/li><\/ul>\t\t\t\t\t\t\t\t<\/div>\n\t\t\t\t<div class=\"elementor-element elementor-element-6a6c50e elementor-widget elementor-widget-spacer\" data-id=\"6a6c50e\" data-element_type=\"widget\" data-widget_type=\"spacer.default\">\n\t\t\t\t\t\t\t<div class=\"elementor-spacer\">\n\t\t\t<div class=\"elementor-spacer-inner\"><\/div>\n\t\t<\/div>\n\t\t\t\t\t\t<\/div>\n\t\t\t\t<div class=\"elementor-element elementor-element-9a98c96 elementor-widget elementor-widget-text-editor\" data-id=\"9a98c96\" data-element_type=\"widget\" data-widget_type=\"text-editor.default\">\n\t\t\t\t\t\t\t\t\t<p>En ny standard for, hvordan erhvervsejendomme opleves og kommunikeres<\/p>\t\t\t\t\t\t\t\t<\/div>\n\t\t\t\t<div class=\"elementor-element elementor-element-d6581ac elementor-widget elementor-widget-text-editor\" data-id=\"d6581ac\" data-element_type=\"widget\" data-widget_type=\"text-editor.default\">\n\t\t\t\t\t\t\t\t\t<p class=\"\" data-start=\"2938\" data-end=\"3161\">Med Husets AI-salgsassistent og digitale rundvisninger f\u00e5r du ikke bare en smart teknisk l\u00f8sning - du f\u00e5r en professionel, skalerbar kommunikationskanal, som lader dig fokusere p\u00e5 det, der rent faktisk kr\u00e6ver dit personlige engagement.<\/p><p class=\"\" data-start=\"3163\" data-end=\"3248\"><strong data-start=\"3163\" data-end=\"3248\">Det er p\u00e5 tide at holde op med at svare p\u00e5 de samme sp\u00f8rgsm\u00e5l - og begynde at bruge tid p\u00e5 den rigtige forretning.<\/strong><\/p>\t\t\t\t\t\t\t\t<\/div>\n\t\t\t\t\t<\/div>\n\t\t<\/div>\n\t\t\t\t\t<\/div>\n\t\t<\/section>\n\t\t\t\t<\/div>","protected":false},"excerpt":{"rendered":"<p>AI-salgsassistent og digital fremvisning - din mest effektive f\u00f8rste kontakt At s\u00e6lge eller udleje en bolig kr\u00e6ver hurtighed, pr\u00e6cision og tilg\u00e6ngelighed - men det beh\u00f8ver ikke at tage al din tid. Med Husets digitale fremvisninger og AI-salgsassistent f\u00e5r du en komplet l\u00f8sning, der h\u00e5ndterer kundernes f\u00f8rste kontakt, sp\u00f8rgsm\u00e5l og kvalificering - automatisk, d\u00f8gnet rundt [...].<\/p>","protected":false},"author":25,"featured_media":0,"parent":0,"menu_order":0,"comment_status":"closed","ping_status":"closed","template":"template\/template-homepage.php","meta":{"_et_pb_use_builder":"","_et_pb_old_content":"","_et_gb_content_width":"","footnotes":""},"class_list":["post-27009","page","type-page","status-publish","hentry"],"_links":{"self":[{"href":"https:\/\/huset.se\/da\/wp-json\/wp\/v2\/pages\/27009","targetHints":{"allow":["GET"]}}],"collection":[{"href":"https:\/\/huset.se\/da\/wp-json\/wp\/v2\/pages"}],"about":[{"href":"https:\/\/huset.se\/da\/wp-json\/wp\/v2\/types\/page"}],"author":[{"embeddable":true,"href":"https:\/\/huset.se\/da\/wp-json\/wp\/v2\/users\/25"}],"replies":[{"embeddable":true,"href":"https:\/\/huset.se\/da\/wp-json\/wp\/v2\/comments?post=27009"}],"version-history":[{"count":37,"href":"https:\/\/huset.se\/da\/wp-json\/wp\/v2\/pages\/27009\/revisions"}],"predecessor-version":[{"id":27918,"href":"https:\/\/huset.se\/da\/wp-json\/wp\/v2\/pages\/27009\/revisions\/27918"}],"wp:attachment":[{"href":"https:\/\/huset.se\/da\/wp-json\/wp\/v2\/media?parent=27009"}],"curies":[{"name":"wp","href":"https:\/\/api.w.org\/{rel}","templated":true}]}}