{"id":23899,"date":"2023-12-27T13:40:20","date_gmt":"2023-12-27T12:40:20","guid":{"rendered":"https:\/\/huset.se\/?page_id=23899"},"modified":"2025-05-23T12:58:46","modified_gmt":"2025-05-23T10:58:46","slug":"fler-potentiella-kopare","status":"publish","type":"page","link":"https:\/\/huset.se\/da\/fler-potentiella-kopare\/","title":{"rendered":"Flere potentielle k\u00f8bere"},"content":{"rendered":"<div data-elementor-type=\"wp-page\" data-elementor-id=\"23899\" class=\"elementor elementor-23899\">\n\t\t\t\t\t\t<section class=\"elementor-section elementor-top-section elementor-element elementor-element-c64906b elementor-section-content-middle elementor-section-boxed elementor-section-height-default elementor-section-height-default\" data-id=\"c64906b\" data-element_type=\"section\" data-settings=\"{&quot;background_background&quot;:&quot;classic&quot;}\">\n\t\t\t\t\t\t<div class=\"elementor-container elementor-column-gap-no\">\n\t\t\t\t\t<div class=\"elementor-column elementor-col-50 elementor-top-column elementor-element elementor-element-f48650e\" data-id=\"f48650e\" data-element_type=\"column\">\n\t\t\t<div class=\"elementor-widget-wrap elementor-element-populated\">\n\t\t\t\t\t\t<div class=\"elementor-element elementor-element-05a27e6 elementor-widget elementor-widget-text-editor\" data-id=\"05a27e6\" data-element_type=\"widget\" data-widget_type=\"text-editor.default\">\n\t\t\t\t\t\t\t\t\t<p>Interaktive v\u00e6rkt\u00f8jer<\/p>\t\t\t\t\t\t\t\t<\/div>\n\t\t\t\t<div class=\"elementor-element elementor-element-e9f9023 elementor-widget elementor-widget-heading\" data-id=\"e9f9023\" data-element_type=\"widget\" data-widget_type=\"heading.default\">\n\t\t\t\t\t<h2 class=\"elementor-heading-title elementor-size-default\">Digitalt display med sprogovers\u00e6ttelse<\/h2>\t\t\t\t<\/div>\n\t\t\t\t<div class=\"elementor-element elementor-element-5c381d6 elementor-widget-divider--view-line elementor-widget elementor-widget-divider\" data-id=\"5c381d6\" data-element_type=\"widget\" data-widget_type=\"divider.default\">\n\t\t\t\t\t\t\t<div class=\"elementor-divider\">\n\t\t\t<span class=\"elementor-divider-separator\">\n\t\t\t\t\t\t<\/span>\n\t\t<\/div>\n\t\t\t\t\t\t<\/div>\n\t\t\t\t\t<\/div>\n\t\t<\/div>\n\t\t\t\t<div class=\"elementor-column elementor-col-50 elementor-top-column elementor-element elementor-element-e8f7acb\" data-id=\"e8f7acb\" data-element_type=\"column\">\n\t\t\t<div class=\"elementor-widget-wrap elementor-element-populated\">\n\t\t\t\t\t\t<div class=\"elementor-element elementor-element-4ad241f elementor-widget elementor-widget-image\" data-id=\"4ad241f\" data-element_type=\"widget\" data-widget_type=\"image.default\">\n\t\t\t\t\t\t\t\t\t\t\t\t\t\t\t<img decoding=\"async\" src=\"https:\/\/huset.se\/wp-content\/uploads\/2025\/05\/sprakoversattning-av-digitala-visningar-2.jpg\" title=\"Overs\u00e6ttelse af sprog.\" alt=\"Flersproget overs\u00e6ttelse til forretnings- og privat\u00f8konomi.\" class=\"elementor-animation-grow\" loading=\"lazy\" \/>\t\t\t\t\t\t\t\t\t\t\t\t\t\t\t<\/div>\n\t\t\t\t\t<\/div>\n\t\t<\/div>\n\t\t\t\t\t<\/div>\n\t\t<\/section>\n\t\t\t\t<section class=\"elementor-section elementor-top-section elementor-element elementor-element-381f478 elementor-reverse-tablet elementor-reverse-mobile elementor-section-boxed elementor-section-height-default elementor-section-height-default\" data-id=\"381f478\" data-element_type=\"section\" data-settings=\"{&quot;background_background&quot;:&quot;classic&quot;}\">\n\t\t\t\t\t\t<div class=\"elementor-container elementor-column-gap-default\">\n\t\t\t\t\t<div class=\"elementor-column elementor-col-100 elementor-top-column elementor-element elementor-element-25679dc\" data-id=\"25679dc\" data-element_type=\"column\" data-settings=\"{&quot;background_background&quot;:&quot;classic&quot;}\">\n\t\t\t<div class=\"elementor-widget-wrap elementor-element-populated\">\n\t\t\t\t\t\t<div class=\"elementor-element elementor-element-606c93c elementor-widget elementor-widget-spacer\" data-id=\"606c93c\" data-element_type=\"widget\" data-widget_type=\"spacer.default\">\n\t\t\t\t\t\t\t<div class=\"elementor-spacer\">\n\t\t\t<div class=\"elementor-spacer-inner\"><\/div>\n\t\t<\/div>\n\t\t\t\t\t\t<\/div>\n\t\t\t\t<div class=\"elementor-element elementor-element-b1ab99e elementor-widget elementor-widget-heading\" data-id=\"b1ab99e\" data-element_type=\"widget\" data-widget_type=\"heading.default\">\n\t\t\t\t\t<h2 class=\"elementor-heading-title elementor-size-default\">\u00c5bn d\u00f8ren for internationale k\u00f8bere<\/h2>\t\t\t\t<\/div>\n\t\t\t\t<div class=\"elementor-element elementor-element-004b2da elementor-widget-divider--view-line elementor-widget elementor-widget-divider\" data-id=\"004b2da\" data-element_type=\"widget\" data-widget_type=\"divider.default\">\n\t\t\t\t\t\t\t<div class=\"elementor-divider\">\n\t\t\t<span class=\"elementor-divider-separator\">\n\t\t\t\t\t\t<\/span>\n\t\t<\/div>\n\t\t\t\t\t\t<\/div>\n\t\t\t\t<div class=\"elementor-element elementor-element-6a515db elementor-widget elementor-widget-text-editor\" data-id=\"6a515db\" data-element_type=\"widget\" data-widget_type=\"text-editor.default\">\n\t\t\t\t\t\t\t\t\t<p data-start=\"183\" data-end=\"401\">P\u00e5 et stadig mere globaliseret marked er det ikke nok at blive set - man skal ogs\u00e5 blive forst\u00e5et.<br data-start=\"264\" data-end=\"267\" \/>Med <strong data-start=\"271\" data-end=\"304\">Flersprogede l\u00f8sninger i bygningen<\/strong> g\u00f8r du din ejendom tilg\u00e6ngelig for spekulanter over hele verden - uden at de beh\u00f8ver at rejse en meter.<\/p><p data-start=\"403\" data-end=\"646\">Vores sprogeksperter overs\u00e6tter <strong data-start=\"433\" data-end=\"500\">objektbeskrivelser, personlige hilsner og lydoptagelser<\/strong> til flere sprog, s\u00e5 pr\u00e6sentationen af ejendommen eller lokalerne er lige personlig, indbydende og klar, uanset modtagerens modersm\u00e5l.<\/p><p data-start=\"648\" data-end=\"833\">Kombineret med vores digitale ture skaber dette en holistisk oplevelse, der \u00e5nder <strong data-start=\"734\" data-end=\"781\">tilg\u00e6ngelighed, professionalisme og omsorg<\/strong> - noget, der er afg\u00f8rende i international forretning.<\/p>\t\t\t\t\t\t\t\t<\/div>\n\t\t\t\t\t<\/div>\n\t\t<\/div>\n\t\t\t\t\t<\/div>\n\t\t<\/section>\n\t\t\t\t<section class=\"elementor-section elementor-top-section elementor-element elementor-element-cceaabf elementor-section-full_width elementor-section-height-default elementor-section-height-default\" data-id=\"cceaabf\" data-element_type=\"section\" data-settings=\"{&quot;background_background&quot;:&quot;classic&quot;}\">\n\t\t\t\t\t\t<div class=\"elementor-container elementor-column-gap-default\">\n\t\t\t\t\t<div class=\"elementor-column elementor-col-50 elementor-top-column elementor-element elementor-element-c399545\" data-id=\"c399545\" data-element_type=\"column\">\n\t\t\t<div class=\"elementor-widget-wrap elementor-element-populated\">\n\t\t\t\t\t\t<div class=\"elementor-element elementor-element-1b3fe22 elementor-widget elementor-widget-spacer\" data-id=\"1b3fe22\" data-element_type=\"widget\" data-widget_type=\"spacer.default\">\n\t\t\t\t\t\t\t<div class=\"elementor-spacer\">\n\t\t\t<div class=\"elementor-spacer-inner\"><\/div>\n\t\t<\/div>\n\t\t\t\t\t\t<\/div>\n\t\t\t\t<div class=\"elementor-element elementor-element-66817a4 elementor-widget elementor-widget-html\" data-id=\"66817a4\" data-element_type=\"widget\" data-widget_type=\"html.default\">\n\t\t\t\t\t<div style=\"position:relative;padding-top:56.25%;\"><iframe src=\"https:\/\/iframe.mediadelivery.net\/embed\/230487\/b80271e7-f365-44d8-a12f-1532185d2555?autoplay=false&loop=false&muted=false&preload=true&responsive=true\" loading=\"lazy\" style=\"border:0;position:absolute;top:0;height:100%;width:100%;\" allow=\"accelerometer;gyroscope;autoplay;encrypted-media;picture-in-picture;\" allowfullscreen=\"true\"><\/iframe><\/div>\t\t\t\t<\/div>\n\t\t\t\t\t<\/div>\n\t\t<\/div>\n\t\t\t\t<div class=\"elementor-column elementor-col-50 elementor-top-column elementor-element elementor-element-bb7423a\" data-id=\"bb7423a\" data-element_type=\"column\">\n\t\t\t<div class=\"elementor-widget-wrap elementor-element-populated\">\n\t\t\t\t\t\t<div class=\"elementor-element elementor-element-697f774 elementor-widget elementor-widget-spacer\" data-id=\"697f774\" data-element_type=\"widget\" data-widget_type=\"spacer.default\">\n\t\t\t\t\t\t\t<div class=\"elementor-spacer\">\n\t\t\t<div class=\"elementor-spacer-inner\"><\/div>\n\t\t<\/div>\n\t\t\t\t\t\t<\/div>\n\t\t\t\t<div class=\"elementor-element elementor-element-21aee43 elementor-widget elementor-widget-heading\" data-id=\"21aee43\" data-element_type=\"widget\" data-widget_type=\"heading.default\">\n\t\t\t\t\t<h2 class=\"elementor-heading-title elementor-size-default\">Til erhvervsejendomme<\/h2>\t\t\t\t<\/div>\n\t\t\t\t<div class=\"elementor-element elementor-element-89db28b elementor-widget elementor-widget-text-editor\" data-id=\"89db28b\" data-element_type=\"widget\" data-widget_type=\"text-editor.default\">\n\t\t\t\t\t\t\t\t\t<p>Pr\u00e6sentationer med pr\u00e6cision - for ejendomme, der fortjener det bedste<\/p>\t\t\t\t\t\t\t\t<\/div>\n\t\t\t\t<div class=\"elementor-element elementor-element-6634710 elementor-widget elementor-widget-text-editor\" data-id=\"6634710\" data-element_type=\"widget\" data-widget_type=\"text-editor.default\">\n\t\t\t\t\t\t\t\t\t<p data-start=\"316\" data-end=\"616\">N\u00e5r hver eneste detalje er vigtig, kr\u00e6ver det mere end bare en visning - det kr\u00e6ver en oplevelse.<br data-start=\"401\" data-end=\"404\" \/>Med Husets avancerede teknologi, visuelle design og sprogtilpasset kommunikation skaber vi <strong data-start=\"496\" data-end=\"528\">Skr\u00e6ddersyede pr\u00e6sentationer<\/strong> der fremviser din erhvervsejendom med den v\u00e6rdighed og skarphed, den fortjener.<\/p><p data-start=\"618\" data-end=\"810\">Fra internationalt m\u00e5lrettede objektbeskrivelser til digitale rundvisninger i topkvalitet er hver pr\u00e6sentation designet til at tale til det rigtige publikum, i det rigtige sprog og med de rigtige f\u00f8lelser.<\/p><p data-start=\"812\" data-end=\"932\"><strong data-start=\"812\" data-end=\"932\">Vi afspejler dit brands styrker i hver eneste sekvens - og leverer en pr\u00e6sentation, der b\u00e5de imponerer og konverterer.<\/strong><\/p>\t\t\t\t\t\t\t\t<\/div>\n\t\t\t\t\t<\/div>\n\t\t<\/div>\n\t\t\t\t\t<\/div>\n\t\t<\/section>\n\t\t\t\t<section class=\"elementor-section elementor-top-section elementor-element elementor-element-4adfb18 elementor-section-boxed elementor-section-height-default elementor-section-height-default\" data-id=\"4adfb18\" data-element_type=\"section\" data-settings=\"{&quot;background_background&quot;:&quot;classic&quot;}\">\n\t\t\t\t\t\t<div class=\"elementor-container elementor-column-gap-default\">\n\t\t\t\t\t<div class=\"elementor-column elementor-col-100 elementor-top-column elementor-element elementor-element-c1f9acc\" data-id=\"c1f9acc\" data-element_type=\"column\">\n\t\t\t<div class=\"elementor-widget-wrap elementor-element-populated\">\n\t\t\t\t\t\t<div class=\"elementor-element elementor-element-0f7b9b2 elementor-widget elementor-widget-spacer\" data-id=\"0f7b9b2\" data-element_type=\"widget\" data-widget_type=\"spacer.default\">\n\t\t\t\t\t\t\t<div class=\"elementor-spacer\">\n\t\t\t<div class=\"elementor-spacer-inner\"><\/div>\n\t\t<\/div>\n\t\t\t\t\t\t<\/div>\n\t\t\t\t\t<\/div>\n\t\t<\/div>\n\t\t\t\t\t<\/div>\n\t\t<\/section>\n\t\t\t\t<section class=\"elementor-section elementor-top-section elementor-element elementor-element-140d22b elementor-section-full_width elementor-section-height-default elementor-section-height-default\" data-id=\"140d22b\" data-element_type=\"section\" data-settings=\"{&quot;background_background&quot;:&quot;classic&quot;}\">\n\t\t\t\t\t\t<div class=\"elementor-container elementor-column-gap-default\">\n\t\t\t\t\t<div class=\"elementor-column elementor-col-50 elementor-top-column elementor-element elementor-element-f84527c\" data-id=\"f84527c\" data-element_type=\"column\">\n\t\t\t<div class=\"elementor-widget-wrap elementor-element-populated\">\n\t\t\t\t\t\t<div class=\"elementor-element elementor-element-f346043 elementor-widget elementor-widget-spacer\" data-id=\"f346043\" data-element_type=\"widget\" data-widget_type=\"spacer.default\">\n\t\t\t\t\t\t\t<div class=\"elementor-spacer\">\n\t\t\t<div class=\"elementor-spacer-inner\"><\/div>\n\t\t<\/div>\n\t\t\t\t\t\t<\/div>\n\t\t\t\t<div class=\"elementor-element elementor-element-9064b67 elementor-widget elementor-widget-html\" data-id=\"9064b67\" data-element_type=\"widget\" data-widget_type=\"html.default\">\n\t\t\t\t\t<div style=\"position:relative;padding-top:56.25%;\"><iframe src=\"https:\/\/iframe.mediadelivery.net\/embed\/230487\/62d6dc9d-3009-40d3-bc7d-ee72f7535d51?autoplay=false&loop=false&muted=false&preload=true&responsive=true\" loading=\"lazy\" style=\"border:0;position:absolute;top:0;height:100%;width:100%;\" allow=\"accelerometer;gyroscope;autoplay;encrypted-media;picture-in-picture;\" allowfullscreen=\"true\"><\/iframe><\/div>\t\t\t\t<\/div>\n\t\t\t\t\t<\/div>\n\t\t<\/div>\n\t\t\t\t<div class=\"elementor-column elementor-col-50 elementor-top-column elementor-element elementor-element-8cc186c\" data-id=\"8cc186c\" data-element_type=\"column\">\n\t\t\t<div class=\"elementor-widget-wrap elementor-element-populated\">\n\t\t\t\t\t\t<div class=\"elementor-element elementor-element-bdafc25 elementor-widget elementor-widget-spacer\" data-id=\"bdafc25\" data-element_type=\"widget\" data-widget_type=\"spacer.default\">\n\t\t\t\t\t\t\t<div class=\"elementor-spacer\">\n\t\t\t<div class=\"elementor-spacer-inner\"><\/div>\n\t\t<\/div>\n\t\t\t\t\t\t<\/div>\n\t\t\t\t<div class=\"elementor-element elementor-element-f7a1f80 elementor-widget elementor-widget-heading\" data-id=\"f7a1f80\" data-element_type=\"widget\" data-widget_type=\"heading.default\">\n\t\t\t\t\t<h2 class=\"elementor-heading-title elementor-size-default\">For private ejendomme<\/h2>\t\t\t\t<\/div>\n\t\t\t\t<div class=\"elementor-element elementor-element-6153dca elementor-widget elementor-widget-text-editor\" data-id=\"6153dca\" data-element_type=\"widget\" data-widget_type=\"text-editor.default\">\n\t\t\t\t\t\t\t\t\t<p>G\u00f8r din erhvervsejendom tilg\u00e6ngelig for k\u00f8bere over hele verdenPr\u00e6sentationer, der taler til hjertet - p\u00e5 flere sprog<\/p>\t\t\t\t\t\t\t\t<\/div>\n\t\t\t\t<div class=\"elementor-element elementor-element-eb1d646 elementor-widget elementor-widget-text-editor\" data-id=\"eb1d646\" data-element_type=\"widget\" data-widget_type=\"text-editor.default\">\n\t\t\t\t\t\t\t\t\t<p data-start=\"251\" data-end=\"468\">Med vores teknologi, ekspertise og sproglige r\u00e6kkevidde hj\u00e6lper vi dig med at skabe elegante, engagerende og visuelt sofistikerede pr\u00e6sentationer af private boliger - uanset om det er en etageejendom, en villa eller et sommerhus.<\/p><p data-start=\"470\" data-end=\"699\">Hver eneste udstilling og hver eneste oversatte detalje afspejler den kvalitet, omhu og stil, som dit brand udstr\u00e5ler - fra det f\u00f8rste \u00f8jeblik til det sidste indtryk.<br data-start=\"620\" data-end=\"623\" \/>Alt sammen s\u00e5 du kan m\u00f8de den rigtige k\u00f8ber, p\u00e5 det rigtige sprog - med den rigtige f\u00f8lelse.<\/p>\t\t\t\t\t\t\t\t<\/div>\n\t\t\t\t\t<\/div>\n\t\t<\/div>\n\t\t\t\t\t<\/div>\n\t\t<\/section>\n\t\t\t\t<\/div>","protected":false},"excerpt":{"rendered":"<p>Interaktive v\u00e6rkt\u00f8jer Digital fremvisning med sprogovers\u00e6ttelse \u00c5bn d\u00f8ren til internationale k\u00f8bere P\u00e5 et stadig mere globaliseret marked er det ikke nok at blive set - man skal ogs\u00e5 blive forst\u00e5et. Med Husets flersprogede l\u00f8sninger kan du g\u00f8re din bolig tilg\u00e6ngelig for k\u00f8bere i hele verden - uden at de skal bev\u00e6ge sig en meter. Vores sprogeksperter overs\u00e6tter ejendomsbeskrivelser, personlige hilsner og lydoptagelser til [...].<\/p>","protected":false},"author":26,"featured_media":0,"parent":0,"menu_order":0,"comment_status":"closed","ping_status":"closed","template":"template\/template-homepage.php","meta":{"_et_pb_use_builder":"","_et_pb_old_content":"","_et_gb_content_width":"","footnotes":""},"class_list":["post-23899","page","type-page","status-publish","hentry"],"_links":{"self":[{"href":"https:\/\/huset.se\/da\/wp-json\/wp\/v2\/pages\/23899","targetHints":{"allow":["GET"]}}],"collection":[{"href":"https:\/\/huset.se\/da\/wp-json\/wp\/v2\/pages"}],"about":[{"href":"https:\/\/huset.se\/da\/wp-json\/wp\/v2\/types\/page"}],"author":[{"embeddable":true,"href":"https:\/\/huset.se\/da\/wp-json\/wp\/v2\/users\/26"}],"replies":[{"embeddable":true,"href":"https:\/\/huset.se\/da\/wp-json\/wp\/v2\/comments?post=23899"}],"version-history":[{"count":6,"href":"https:\/\/huset.se\/da\/wp-json\/wp\/v2\/pages\/23899\/revisions"}],"predecessor-version":[{"id":27755,"href":"https:\/\/huset.se\/da\/wp-json\/wp\/v2\/pages\/23899\/revisions\/27755"}],"wp:attachment":[{"href":"https:\/\/huset.se\/da\/wp-json\/wp\/v2\/media?parent=23899"}],"curies":[{"name":"wp","href":"https:\/\/api.w.org\/{rel}","templated":true}]}}