{"id":23765,"date":"2023-12-26T19:15:55","date_gmt":"2023-12-26T18:15:55","guid":{"rendered":"https:\/\/huset.se\/?page_id=23765"},"modified":"2024-04-13T18:55:48","modified_gmt":"2024-04-13T16:55:48","slug":"lets-take-a-walk","status":"publish","type":"page","link":"https:\/\/huset.se\/da\/lets-take-a-walk\/","title":{"rendered":"Lad os g\u00e5 en tur!"},"content":{"rendered":"<div data-elementor-type=\"wp-page\" data-elementor-id=\"23765\" class=\"elementor elementor-23765\">\n\t\t\t\t\t\t<section class=\"elementor-section elementor-top-section elementor-element elementor-element-c5b647a elementor-section-boxed elementor-section-height-default elementor-section-height-default\" data-id=\"c5b647a\" data-element_type=\"section\" data-settings=\"{&quot;background_background&quot;:&quot;classic&quot;}\">\n\t\t\t\t\t\t<div class=\"elementor-container elementor-column-gap-default\">\n\t\t\t\t\t<div class=\"elementor-column elementor-col-100 elementor-top-column elementor-element elementor-element-4864c08\" data-id=\"4864c08\" data-element_type=\"column\">\n\t\t\t<div class=\"elementor-widget-wrap elementor-element-populated\">\n\t\t\t\t\t\t<div class=\"elementor-element elementor-element-ab55784 elementor-widget elementor-widget-spacer\" data-id=\"ab55784\" data-element_type=\"widget\" data-widget_type=\"spacer.default\">\n\t\t\t\t\t\t\t<div class=\"elementor-spacer\">\n\t\t\t<div class=\"elementor-spacer-inner\"><\/div>\n\t\t<\/div>\n\t\t\t\t\t\t<\/div>\n\t\t\t\t<div class=\"elementor-element elementor-element-b5ea1ea elementor-widget elementor-widget-heading\" data-id=\"b5ea1ea\" data-element_type=\"widget\" data-widget_type=\"heading.default\">\n\t\t\t\t\t<h2 class=\"elementor-heading-title elementor-size-default\">Lad os g\u00e5 en tur!<\/h2>\t\t\t\t<\/div>\n\t\t\t\t<div class=\"elementor-element elementor-element-54ab209 elementor-widget-divider--view-line elementor-widget elementor-widget-divider\" data-id=\"54ab209\" data-element_type=\"widget\" data-widget_type=\"divider.default\">\n\t\t\t\t\t\t\t<div class=\"elementor-divider\">\n\t\t\t<span class=\"elementor-divider-separator\">\n\t\t\t\t\t\t<\/span>\n\t\t<\/div>\n\t\t\t\t\t\t<\/div>\n\t\t\t\t<div class=\"elementor-element elementor-element-46ec174 elementor-widget elementor-widget-shortcode\" data-id=\"46ec174\" data-element_type=\"widget\" data-widget_type=\"shortcode.default\">\n\t\t\t\t\t\t\t<div class=\"elementor-shortcode\"><div style=\"position:relative;padding-top:56.25%;\"><iframe src=\"https:\/\/iframe.mediadelivery.net\/embed\/230487\/ccbb3812-0c1f-4673-a2a3-7e2a852feb46?autoplay=false&loop=false&muted=false&preload=true&responsive=true\" loading=\"lazy\" style=\"border:0;position:absolute;top:0;height:100%;width:100%;\" allow=\"accelerometer;gyroscope;autoplay;encrypted-media;picture-in-picture;\" allowfullscreen=\"true\"><\/iframe><\/div><\/div>\n\t\t\t\t\t\t<\/div>\n\t\t\t\t<div class=\"elementor-element elementor-element-5a58969 elementor-drop-cap-yes elementor-drop-cap-view-default elementor-widget elementor-widget-text-editor\" data-id=\"5a58969\" data-element_type=\"widget\" data-settings=\"{&quot;drop_cap&quot;:&quot;yes&quot;}\" data-widget_type=\"text-editor.default\">\n\t\t\t\t\t\t\t\t\t<p><span style=\"color: #ffffff;\"><strong><span style=\"font-size: 50px; text-align: center;\">L<\/span>\u00a0ets take a Walk!<\/strong><\/span> er en tjeneste i huset, der g\u00f8r det muligt at g\u00e5 rundt om et ejendomsobjekt i 3D.<\/p><p>Let's take a Walk er en innovativ service, som ejendomsselskabet tilbyder, og som forvandler traditionelle ejendomsrundvisninger til en interaktiv og engagerende oplevelse. Takket v\u00e6re denne service kan potentielle k\u00f8bere eller lejere udforske ejendommens objekter i et virtuelt 3D-milj\u00f8, der minder om omgivelserne i computerspil. Denne funktion giver en dybere forst\u00e5else og p\u00e5sk\u00f8nnelse af ejendommen, langt ud over hvad traditionelle fotos eller videovisninger kan tilbyde.<\/p><p>Brugerne styrer deres virtuelle tur gennem ejendommen ved hj\u00e6lp af musen og tastaturknapperne W, A, S og D, et almindeligt kontrolskema i computerspil. Denne intuitive gr\u00e6nseflade g\u00f8r det nemt for brugere i alle aldre at navigere i det virtuelle milj\u00f8 og udforske hvert hj\u00f8rne af ejendommen i deres eget tempo og fra forskellige vinkler. Uanset om det drejer sig om at se det fine t\u00f8mrerarbejde, fornemme rummeligheden i stuen eller inspicere kvaliteten af k\u00f8kkenudstyret, tilbyder \"Let's take a walk!\" et niveau af detaljer og interaktivitet, der forbedrer kundens beslutningsproces.<\/p><p>Denne digitale innovation giver ikke kun et mere detaljeret billede af ejendommen, men tilbyder ogs\u00e5 en l\u00f8sning p\u00e5 logistiske udfordringer som rejse- og planl\u00e6gningskonflikter. Interessenter kan nu udforske ejendomme fra deres eget hjem, n\u00e5r som helst p\u00e5 dagen, hvilket \u00e5bner op for et bredere marked af potentielle k\u00f8bere og lejere.<\/p><p>Ved at omfavne teknologien bag \"Let's take a walk\" positionerer Huset,se sig som en brancheleder, der v\u00e6rds\u00e6tter innovation og kundetilfredshed. Denne service er et lysende eksempel p\u00e5, hvordan digitale fremskridt kan bruges til at berige kundeoplevelser og revolutionere, hvordan vi interagerer med fast ejendom.<\/p>\t\t\t\t\t\t\t\t<\/div>\n\t\t\t\t<div class=\"elementor-element elementor-element-17fc081 elementor-widget elementor-widget-text-editor\" data-id=\"17fc081\" data-element_type=\"widget\" data-widget_type=\"text-editor.default\">\n\t\t\t\t\t\t\t\t\t<p>Bem\u00e6rk venligst, at tjenesten er under udvikling af Huset, og at slutresultatet kan afvige v\u00e6sentligt fra denne pr\u00e6sentation. Ejendomsobjekterne er 3D-scannede og er IKKE et 3D-gengivet objekt.<\/p>\t\t\t\t\t\t\t\t<\/div>\n\t\t\t\t<div class=\"elementor-element elementor-element-3bc382e elementor-align-center elementor-widget elementor-widget-button\" data-id=\"3bc382e\" data-element_type=\"widget\" data-widget_type=\"button.default\">\n\t\t\t\t\t\t\t\t\t\t<a class=\"elementor-button elementor-button-link elementor-size-sm\" href=\"https:\/\/huset.se\/kontakta_oss\/\">\n\t\t\t\t\t\t<span class=\"elementor-button-content-wrapper\">\n\t\t\t\t\t\t<span class=\"elementor-button-icon\">\n\t\t\t\t<svg aria-hidden=\"true\" class=\"e-font-icon-svg e-far-gem\" viewbox=\"0 0 576 512\" xmlns=\"http:\/\/www.w3.org\/2000\/svg\"><path d=\"M464 0H112c-4 0-7.8 2-10 5.4L2 152.6c-2.9 4.4-2.6 10.2.7 14.2l276 340.8c4.8 5.9 13.8 5.9 18.6 0l276-340.8c3.3-4.1 3.6-9.8.7-14.2L474.1 5.4C471.8 2 468.1 0 464 0zm-19.3 48l63.3 96h-68.4l-51.7-96h56.8zm-202.1 0h90.7l51.7 96H191l51.6-96zm-111.3 0h56.8l-51.7 96H68l63.3-96zm-43 144h51.4L208 352 88.3 192zm102.9 0h193.6L288 435.3 191.2 192zM368 352l68.2-160h51.4L368 352z\"><\/path><\/svg>\t\t\t<\/span>\n\t\t\t\t\t\t\t\t\t<span class=\"elementor-button-text\">Kontakt os for en personlig rundvisning<\/span>\n\t\t\t\t\t<\/span>\n\t\t\t\t\t<\/a>\n\t\t\t\t\t\t\t\t<\/div>\n\t\t\t\t<div class=\"elementor-element elementor-element-870d6b5 elementor-widget elementor-widget-spacer\" data-id=\"870d6b5\" data-element_type=\"widget\" data-widget_type=\"spacer.default\">\n\t\t\t\t\t\t\t<div class=\"elementor-spacer\">\n\t\t\t<div class=\"elementor-spacer-inner\"><\/div>\n\t\t<\/div>\n\t\t\t\t\t\t<\/div>\n\t\t\t\t\t<\/div>\n\t\t<\/div>\n\t\t\t\t\t<\/div>\n\t\t<\/section>\n\t\t\t\t<\/div>","protected":false},"excerpt":{"rendered":"<p>Lad os g\u00e5 en tur! Lad os g\u00e5 en tur! er en tjeneste fra the house, som giver dig mulighed for at g\u00e5 rundt i en ejendom i 3D. Let's take a Walk er en innovativ tjeneste, der tilbydes af ejendomsselskabet, og som forvandler traditionelle ejendomsrundvisninger til en interaktiv og engagerende oplevelse. Takket v\u00e6re denne tjeneste kan potentielle k\u00f8bere eller lejere udforske ejendomsobjekter [...]<\/p>","protected":false},"author":26,"featured_media":0,"parent":0,"menu_order":0,"comment_status":"closed","ping_status":"closed","template":"template\/template-homepage.php","meta":{"_et_pb_use_builder":"","_et_pb_old_content":"","_et_gb_content_width":"","footnotes":""},"class_list":["post-23765","page","type-page","status-publish","hentry"],"_links":{"self":[{"href":"https:\/\/huset.se\/da\/wp-json\/wp\/v2\/pages\/23765","targetHints":{"allow":["GET"]}}],"collection":[{"href":"https:\/\/huset.se\/da\/wp-json\/wp\/v2\/pages"}],"about":[{"href":"https:\/\/huset.se\/da\/wp-json\/wp\/v2\/types\/page"}],"author":[{"embeddable":true,"href":"https:\/\/huset.se\/da\/wp-json\/wp\/v2\/users\/26"}],"replies":[{"embeddable":true,"href":"https:\/\/huset.se\/da\/wp-json\/wp\/v2\/comments?post=23765"}],"version-history":[{"count":0,"href":"https:\/\/huset.se\/da\/wp-json\/wp\/v2\/pages\/23765\/revisions"}],"wp:attachment":[{"href":"https:\/\/huset.se\/da\/wp-json\/wp\/v2\/media?parent=23765"}],"curies":[{"name":"wp","href":"https:\/\/api.w.org\/{rel}","templated":true}]}}