{"id":23716,"date":"2023-12-26T16:35:48","date_gmt":"2023-12-26T15:35:48","guid":{"rendered":"https:\/\/huset.se\/?page_id=23716"},"modified":"2024-10-20T18:32:53","modified_gmt":"2024-10-20T16:32:53","slug":"interaktiv-3d-modell","status":"publish","type":"page","link":"https:\/\/huset.se\/da\/interaktiv-3d-modell\/","title":{"rendered":"Interaktiv 3D-model"},"content":{"rendered":"<div data-elementor-type=\"wp-page\" data-elementor-id=\"23716\" class=\"elementor elementor-23716\">\n\t\t\t\t\t\t<section class=\"elementor-section elementor-top-section elementor-element elementor-element-b4b2afa elementor-section-boxed elementor-section-height-default elementor-section-height-default\" data-id=\"b4b2afa\" data-element_type=\"section\" data-settings=\"{&quot;background_background&quot;:&quot;classic&quot;}\">\n\t\t\t\t\t\t<div class=\"elementor-container elementor-column-gap-default\">\n\t\t\t\t\t<div class=\"elementor-column elementor-col-100 elementor-top-column elementor-element elementor-element-ee2ca79\" data-id=\"ee2ca79\" data-element_type=\"column\">\n\t\t\t<div class=\"elementor-widget-wrap elementor-element-populated\">\n\t\t\t\t\t\t<div class=\"elementor-element elementor-element-8ee873a elementor-widget elementor-widget-spacer\" data-id=\"8ee873a\" data-element_type=\"widget\" data-widget_type=\"spacer.default\">\n\t\t\t\t\t\t\t<div class=\"elementor-spacer\">\n\t\t\t<div class=\"elementor-spacer-inner\"><\/div>\n\t\t<\/div>\n\t\t\t\t\t\t<\/div>\n\t\t\t\t<div class=\"elementor-element elementor-element-5da0c87 elementor-widget elementor-widget-heading\" data-id=\"5da0c87\" data-element_type=\"widget\" data-widget_type=\"heading.default\">\n\t\t\t\t\t<h2 class=\"elementor-heading-title elementor-size-default\">Interaktiv 3D-model<\/h2>\t\t\t\t<\/div>\n\t\t\t\t<div class=\"elementor-element elementor-element-3232e9c elementor-widget-divider--view-line elementor-widget elementor-widget-divider\" data-id=\"3232e9c\" data-element_type=\"widget\" data-widget_type=\"divider.default\">\n\t\t\t\t\t\t\t<div class=\"elementor-divider\">\n\t\t\t<span class=\"elementor-divider-separator\">\n\t\t\t\t\t\t<\/span>\n\t\t<\/div>\n\t\t\t\t\t\t<\/div>\n\t\t\t\t<div class=\"elementor-element elementor-element-2b8f066 elementor-drop-cap-yes elementor-drop-cap-view-default elementor-widget elementor-widget-text-editor\" data-id=\"2b8f066\" data-element_type=\"widget\" data-settings=\"{&quot;drop_cap&quot;:&quot;yes&quot;}\" data-widget_type=\"text-editor.default\">\n\t\t\t\t\t\t\t\t\t<h5><span style=\"color: #ffffff;\">Med Husets f\u00f8rende 3D-rundvisningsteknologi kan du tage dit arbejde med ejendomsm\u00e6gling og -administration til det n\u00e6ste niveau. Lad Husets interaktive 3D-modeller v\u00e6re n\u00f8glen til succes i din ejendomsforretning.<\/span><\/h5>\t\t\t\t\t\t\t\t<\/div>\n\t\t\t\t<div class=\"elementor-element elementor-element-ae8b038 elementor-widget elementor-widget-shortcode\" data-id=\"ae8b038\" data-element_type=\"widget\" data-widget_type=\"shortcode.default\">\n\t\t\t\t\t\t\t<div class=\"elementor-shortcode\"><div style=\"position:relative;padding-top:56.25%;\"><iframe src=\"https:\/\/iframe.mediadelivery.net\/embed\/230487\/0d9e28e2-ffd4-4a89-8ff9-e2b60686e762?autoplay=false&loop=false&muted=false&preload=true&responsive=true\" loading=\"lazy\" style=\"border:0;position:absolute;top:0;height:100%;width:100%;\" allow=\"accelerometer;gyroscope;autoplay;encrypted-media;picture-in-picture;\" allowfullscreen=\"true\"><\/iframe><\/div><\/div>\n\t\t\t\t\t\t<\/div>\n\t\t\t\t<div class=\"elementor-element elementor-element-67bd27f elementor-drop-cap-yes elementor-drop-cap-view-default elementor-widget elementor-widget-text-editor\" data-id=\"67bd27f\" data-element_type=\"widget\" data-settings=\"{&quot;drop_cap&quot;:&quot;yes&quot;}\" data-widget_type=\"text-editor.default\">\n\t\t\t\t\t\t\t\t\t<p><span style=\"color: #ffffff;\">Med interaktiv 3D-modellering kan kunden se ejendommen i en <em><strong>3D-dimensionelt perspektiv<\/strong><\/em>3D-objektet bidrager til en bedre forst\u00e5else af ejendommen, dens overflade og karakter - noget, som almindelige 2D-billeder umuligt kan tilbyde.\u00a0<\/span><\/p><p><span style=\"color: #ffffff;\">Oplev fordelene ved Husets interaktive 3D-modeller og revolutioner den m\u00e5de, du pr\u00e6senterer ejendomme p\u00e5. Ved at implementere Husets avancerede augmented reality-teknologi kan du forvandle dine ejendomme til v\u00e6rdifuld information, der r\u00e6kker langt ud over konventionelle virtuelle 3D-rundvisninger.<\/span><\/p><p><span style=\"color: #ffffff;\">S\u00e5 hvad adskiller en \u00e6gte interaktiv 3D-model fra et digitalt display? Det handler om dybde. En virtuel rundvisning kan fange to dimensioner - h\u00f8jde og bredde - men \u00e6gte tredimensionelle rundvisninger fanger ogs\u00e5 dybden. Det opn\u00e5s normalt med et specialkamera, der er udstyret med flere linser og infrar\u00f8d teknologi, som kan sanse, m\u00e5le og opfange dybde.\u00a0<\/span><\/p><ul><li><p><span style=\"color: #ffffff;\"><strong>* Detaljerede plantegninger:<\/strong> Giver et klart overblik over ejendommens layout, hvilket giver en dybere forst\u00e5else og p\u00e5sk\u00f8nnelse af rummet.<\/span><\/p><\/li><li><p><span style=\"color: #ffffff;\"><strong>* Informative etiketter:<\/strong> Fremh\u00e6v n\u00f8gleegenskaber og funktioner i ejendommen for at give potentielle k\u00f8bere eller lejere alle de oplysninger, de har brug for.<\/span><\/p><\/li><li><p><span style=\"color: #ffffff;\"><strong>* Pr\u00e6cise m\u00e5linger:<\/strong> Eliminer g\u00e6tterier med pr\u00e6cise m\u00e5linger, der hj\u00e6lper med at planl\u00e6gge og indrette rum.<\/span><\/p><\/li><li><p><span style=\"color: #ffffff;\"><strong>* Omfattende analyser:<\/strong> Drag fordel af dyb indsigt for at optimere ejendomsadministration, str\u00f8mline kapitalplanl\u00e6gning og reducere tomgang.<\/span><\/p><\/li><li><p><span style=\"color: #ffffff;\"><strong>* Realistisk oplevelse:<\/strong> Tilbyd en virkelighedstro rundvisning, der kan erstatte behovet for fysiske rundvisninger, hvilket sparer tid og ressourcer.<\/span><\/p><\/li><li><p><span style=\"color: #ffffff;\"><strong>* Mindre interferens:<\/strong> Potentielle k\u00f8bere kan nemt afg\u00f8re, om en bolig passer til deres behov online, hvilket minimerer un\u00f8dvendige besigtigelser og forstyrrelser for s\u00e6lgerne.<\/span><\/p><\/li><li><p><span style=\"color: #ffffff;\"><strong>* \u00d8get tilg\u00e6ngelighed for k\u00f8bere uden for omr\u00e5det:<\/strong> G\u00f8r det muligt for k\u00f8bere at \"bes\u00f8ge\" ejendomme virtuelt, hvilket udvider k\u00f8berbasen og \u00f8ger chancen for salg.<\/span><\/p><\/li><li><span style=\"color: #ffffff;\"><strong>* G\u00f8r det lettere at tr\u00e6ffe hurtigere k\u00f8bsbeslutninger:<\/strong> Seri\u00f8se k\u00f8bere kan tr\u00e6ffe beslutninger hurtigere med adgang til omfattende virtuelle rundvisninger, hvilket fremskynder salgsprocessen.<\/span><\/li><li>\u00a0<\/li><\/ul>\t\t\t\t\t\t\t\t<\/div>\n\t\t\t\t<div class=\"elementor-element elementor-element-cf1e8f1 elementor-drop-cap-yes elementor-drop-cap-view-default elementor-widget elementor-widget-text-editor\" data-id=\"cf1e8f1\" data-element_type=\"widget\" data-settings=\"{&quot;drop_cap&quot;:&quot;yes&quot;}\" data-widget_type=\"text-editor.default\">\n\t\t\t\t\t\t\t\t\t<h1><font color=\"#ffffff\">FORDELENE VED ET DIGITALT 3D-DISPLAY<\/font><\/h1>\n<ul>\n<li>&nbsp;<\/li>\n<\/ul>\n<p><span style=\"color: #ffffff;\">De st\u00f8rste fordele ved en interaktiv 3D-model\/-rundvisning for ejendomsm\u00e6glere er en livagtig oplevelse, der g\u00f8r forbrugerne mere tilb\u00f8jelige til at erstatte dem med fysiske fremvisninger. Det medf\u00f8rer f\u00e6rre forstyrrelser for s\u00e6lgeren, da potentielle k\u00f8bere kan afg\u00f8re, om en bolig er noget for dem, f\u00f8r de beder om en fysisk rundvisning. K\u00f8bere uden for omr\u00e5det er mere tilb\u00f8jelige til at k\u00f8be en bolig med en 3D-rundvisning, da de kan bes\u00f8ge og opleve en ejendom uden at skulle v\u00e6re der fysisk, hvilket \u00e5bner op for st\u00f8rre salgsmuligheder. Seri\u00f8se boligk\u00f8bere og lejere kan tr\u00e6ffe beslutninger uden at anmode om flere fremvisninger af den samme bolig.<\/span><\/p>\t\t\t\t\t\t\t\t<\/div>\n\t\t\t\t<div class=\"elementor-element elementor-element-bf5f029 elementor-align-center elementor-widget elementor-widget-button\" data-id=\"bf5f029\" data-element_type=\"widget\" data-widget_type=\"button.default\">\n\t\t\t\t\t\t\t\t\t\t<a class=\"elementor-button elementor-button-link elementor-size-sm\" href=\"https:\/\/huset.se\/kontakta_oss\/\" id=\"a55\">\n\t\t\t\t\t\t<span class=\"elementor-button-content-wrapper\">\n\t\t\t\t\t\t<span class=\"elementor-button-icon\">\n\t\t\t\t<svg aria-hidden=\"true\" class=\"e-font-icon-svg e-far-gem\" viewbox=\"0 0 576 512\" xmlns=\"http:\/\/www.w3.org\/2000\/svg\"><path d=\"M464 0H112c-4 0-7.8 2-10 5.4L2 152.6c-2.9 4.4-2.6 10.2.7 14.2l276 340.8c4.8 5.9 13.8 5.9 18.6 0l276-340.8c3.3-4.1 3.6-9.8.7-14.2L474.1 5.4C471.8 2 468.1 0 464 0zm-19.3 48l63.3 96h-68.4l-51.7-96h56.8zm-202.1 0h90.7l51.7 96H191l51.6-96zm-111.3 0h56.8l-51.7 96H68l63.3-96zm-43 144h51.4L208 352 88.3 192zm102.9 0h193.6L288 435.3 191.2 192zM368 352l68.2-160h51.4L368 352z\"><\/path><\/svg>\t\t\t<\/span>\n\t\t\t\t\t\t\t\t\t<span class=\"elementor-button-text\">Kontakt os<\/span>\n\t\t\t\t\t<\/span>\n\t\t\t\t\t<\/a>\n\t\t\t\t\t\t\t\t<\/div>\n\t\t\t\t<div class=\"elementor-element elementor-element-0cb40f8 elementor-widget elementor-widget-text-editor\" data-id=\"0cb40f8\" data-element_type=\"widget\" data-widget_type=\"text-editor.default\">\n\t\t\t\t\t\t\t\t\t<p>* Bem\u00e6rk venligst, at tjenesten er under udvikling af Huset, og at det endelige resultat kan afvige v\u00e6sentligt fra denne pr\u00e6sentation. Objekterne er 3D-scannet og er IKKE et 3D-gengivet objekt.<\/p>\t\t\t\t\t\t\t\t<\/div>\n\t\t\t\t<div class=\"elementor-element elementor-element-14b3cc3 elementor-widget elementor-widget-spacer\" data-id=\"14b3cc3\" data-element_type=\"widget\" data-widget_type=\"spacer.default\">\n\t\t\t\t\t\t\t<div class=\"elementor-spacer\">\n\t\t\t<div class=\"elementor-spacer-inner\"><\/div>\n\t\t<\/div>\n\t\t\t\t\t\t<\/div>\n\t\t\t\t<div class=\"elementor-element elementor-element-2ffc8ee elementor-widget elementor-widget-heading\" data-id=\"2ffc8ee\" data-element_type=\"widget\" data-widget_type=\"heading.default\">\n\t\t\t\t\t<h2 class=\"elementor-heading-title elementor-size-default\">3D-objekt<\/h2>\t\t\t\t<\/div>\n\t\t\t\t<div class=\"elementor-element elementor-element-1a5b5a1 elementor-widget-divider--view-line elementor-widget elementor-widget-divider\" data-id=\"1a5b5a1\" data-element_type=\"widget\" data-widget_type=\"divider.default\">\n\t\t\t\t\t\t\t<div class=\"elementor-divider\">\n\t\t\t<span class=\"elementor-divider-separator\">\n\t\t\t\t\t\t<\/span>\n\t\t<\/div>\n\t\t\t\t\t\t<\/div>\n\t\t\t\t\t<\/div>\n\t\t<\/div>\n\t\t\t\t\t<\/div>\n\t\t<\/section>\n\t\t\t\t<section class=\"elementor-section elementor-top-section elementor-element elementor-element-868ccb5 elementor-section-content-middle elementor-reverse-tablet elementor-reverse-mobile elementor-section-boxed elementor-section-height-default elementor-section-height-default\" data-id=\"868ccb5\" data-element_type=\"section\" data-settings=\"{&quot;background_background&quot;:&quot;classic&quot;}\">\n\t\t\t\t\t\t<div class=\"elementor-container elementor-column-gap-no\">\n\t\t\t\t\t<div class=\"elementor-column elementor-col-50 elementor-top-column elementor-element elementor-element-006795f\" data-id=\"006795f\" data-element_type=\"column\">\n\t\t\t<div class=\"elementor-widget-wrap elementor-element-populated\">\n\t\t\t\t\t\t<div class=\"elementor-element elementor-element-2876435 elementor-widget elementor-widget-heading\" data-id=\"2876435\" data-element_type=\"widget\" data-widget_type=\"heading.default\">\n\t\t\t\t\t<h3 class=\"elementor-heading-title elementor-size-default\">Demo: Plan 1<\/h3>\t\t\t\t<\/div>\n\t\t\t\t<div class=\"elementor-element elementor-element-787edaa elementor-widget elementor-widget-shortcode\" data-id=\"787edaa\" data-element_type=\"widget\" data-widget_type=\"shortcode.default\">\n\t\t\t\t\t\t\t<div class=\"elementor-shortcode\">[ardisplay id=23359]<\/div>\n\t\t\t\t\t\t<\/div>\n\t\t\t\t<div class=\"elementor-element elementor-element-bd4f95d elementor-widget elementor-widget-text-editor\" data-id=\"bd4f95d\" data-element_type=\"widget\" data-widget_type=\"text-editor.default\">\n\t\t\t\t\t\t\t\t\t<p><em><span style=\"text-decoration-line: underline;\">BEM\u00c6RK: Dette er en demo!<\/span><\/em><br>Bes\u00f8g hjemmesiden med en smartphone, og visualiser objektet i dine omgivelser.<br>Klik p\u00e5<span style=\"font-weight: 600;\">&nbsp;\"AR Display\"-ikoner<\/span>&nbsp;i h\u00f8jre hj\u00f8rne for at starte 3D-softwaren.<br>Ret derefter kameraet mod \u00e5ben mark.<br>Du kan zoome ind\/ud og rotere objektet med fingrene.<br>100% betyder = Faktisk skala.<br><\/p>\t\t\t\t\t\t\t\t<\/div>\n\t\t\t\t\t<\/div>\n\t\t<\/div>\n\t\t\t\t<div class=\"elementor-column elementor-col-50 elementor-top-column elementor-element elementor-element-d033502\" data-id=\"d033502\" data-element_type=\"column\">\n\t\t\t<div class=\"elementor-widget-wrap elementor-element-populated\">\n\t\t\t\t\t\t<div class=\"elementor-element elementor-element-60061e1 elementor-widget-divider--view-line elementor-widget elementor-widget-divider\" data-id=\"60061e1\" data-element_type=\"widget\" data-widget_type=\"divider.default\">\n\t\t\t\t\t\t\t<div class=\"elementor-divider\">\n\t\t\t<span class=\"elementor-divider-separator\">\n\t\t\t\t\t\t<\/span>\n\t\t<\/div>\n\t\t\t\t\t\t<\/div>\n\t\t\t\t<div class=\"elementor-element elementor-element-441d89e elementor-widget elementor-widget-heading\" data-id=\"441d89e\" data-element_type=\"widget\" data-widget_type=\"heading.default\">\n\t\t\t\t\t<h3 class=\"elementor-heading-title elementor-size-default\">3D-objekt<\/h3>\t\t\t\t<\/div>\n\t\t\t\t<div class=\"elementor-element elementor-element-dc907df elementor-drop-cap-yes elementor-drop-cap-view-default elementor-widget elementor-widget-text-editor\" data-id=\"dc907df\" data-element_type=\"widget\" data-settings=\"{&quot;drop_cap&quot;:&quot;yes&quot;}\" data-widget_type=\"text-editor.default\">\n\t\t\t\t\t\t\t\t\t<p><span style=\"color: #ffffff; font-family: Helvetica, sans-serif; font-size: 19px;\">Dette er et 3D-scannet objekt. <\/span><span style=\"font-family: Helvetica, sans-serif;\"><span style=\"font-size: 19px; font-weight: var( --e-global-typography-d168bf9-font-weight ); letter-spacing: var( --e-global-typography-d168bf9-letter-spacing ); word-spacing: var( --e-global-typography-d168bf9-word-spacing );\">3D-objektet giver det mest ikoniske perspektiv, n\u00e5r man unders\u00f8ger en ejendom. Der findes ingen mere effektiv metode til hurtigt at f\u00e5 en omfattende forst\u00e5else af et rum end at se ejendommen fra et 3D-objekt. <\/span><span style=\"font-size: 19px;\">tredje perspektiv<\/span><span style=\"font-size: 19px; font-weight: var( --e-global-typography-d168bf9-font-weight ); letter-spacing: var( --e-global-typography-d168bf9-letter-spacing ); word-spacing: var( --e-global-typography-d168bf9-word-spacing );\">.<\/span><\/span><\/p>\t\t\t\t\t\t\t\t<\/div>\n\t\t\t\t<div class=\"elementor-element elementor-element-a5421ac elementor-align-center elementor-widget elementor-widget-button\" data-id=\"a5421ac\" data-element_type=\"widget\" data-widget_type=\"button.default\">\n\t\t\t\t\t\t\t\t\t\t<a class=\"elementor-button elementor-button-link elementor-size-sm\" href=\"https:\/\/huset.se\/kontakta_oss\/\" id=\"a55\">\n\t\t\t\t\t\t<span class=\"elementor-button-content-wrapper\">\n\t\t\t\t\t\t<span class=\"elementor-button-icon\">\n\t\t\t\t<svg aria-hidden=\"true\" class=\"e-font-icon-svg e-far-gem\" viewbox=\"0 0 576 512\" xmlns=\"http:\/\/www.w3.org\/2000\/svg\"><path d=\"M464 0H112c-4 0-7.8 2-10 5.4L2 152.6c-2.9 4.4-2.6 10.2.7 14.2l276 340.8c4.8 5.9 13.8 5.9 18.6 0l276-340.8c3.3-4.1 3.6-9.8.7-14.2L474.1 5.4C471.8 2 468.1 0 464 0zm-19.3 48l63.3 96h-68.4l-51.7-96h56.8zm-202.1 0h90.7l51.7 96H191l51.6-96zm-111.3 0h56.8l-51.7 96H68l63.3-96zm-43 144h51.4L208 352 88.3 192zm102.9 0h193.6L288 435.3 191.2 192zM368 352l68.2-160h51.4L368 352z\"><\/path><\/svg>\t\t\t<\/span>\n\t\t\t\t\t\t\t\t\t<span class=\"elementor-button-text\">Kontakt os<\/span>\n\t\t\t\t\t<\/span>\n\t\t\t\t\t<\/a>\n\t\t\t\t\t\t\t\t<\/div>\n\t\t\t\t\t<\/div>\n\t\t<\/div>\n\t\t\t\t\t<\/div>\n\t\t<\/section>\n\t\t\t\t<\/div>","protected":false},"excerpt":{"rendered":"<p>Interaktiv 3D-model Med Husets f\u00f8rende teknologi inden for 3D-ture kan du tage dit arbejde med ejendomsformidling og -administration til det n\u00e6ste niveau. Lad Husets interaktive 3D-modeller v\u00e6re n\u00f8glen til succes i din ejendomsforretning. Med en interaktiv 3D-model kan kunden se ejendommen i et tredimensionelt perspektiv, som et 3D-objekt. 3D-objektet bidrager til en bedre opfattelse af ejendommen, dens overflade [...]<\/p>","protected":false},"author":26,"featured_media":0,"parent":0,"menu_order":0,"comment_status":"closed","ping_status":"closed","template":"template\/template-homepage.php","meta":{"_et_pb_use_builder":"","_et_pb_old_content":"","_et_gb_content_width":"","footnotes":""},"class_list":["post-23716","page","type-page","status-publish","hentry"],"_links":{"self":[{"href":"https:\/\/huset.se\/da\/wp-json\/wp\/v2\/pages\/23716","targetHints":{"allow":["GET"]}}],"collection":[{"href":"https:\/\/huset.se\/da\/wp-json\/wp\/v2\/pages"}],"about":[{"href":"https:\/\/huset.se\/da\/wp-json\/wp\/v2\/types\/page"}],"author":[{"embeddable":true,"href":"https:\/\/huset.se\/da\/wp-json\/wp\/v2\/users\/26"}],"replies":[{"embeddable":true,"href":"https:\/\/huset.se\/da\/wp-json\/wp\/v2\/comments?post=23716"}],"version-history":[{"count":6,"href":"https:\/\/huset.se\/da\/wp-json\/wp\/v2\/pages\/23716\/revisions"}],"predecessor-version":[{"id":26109,"href":"https:\/\/huset.se\/da\/wp-json\/wp\/v2\/pages\/23716\/revisions\/26109"}],"wp:attachment":[{"href":"https:\/\/huset.se\/da\/wp-json\/wp\/v2\/media?parent=23716"}],"curies":[{"name":"wp","href":"https:\/\/api.w.org\/{rel}","templated":true}]}}