{"id":22145,"date":"2023-06-30T19:21:16","date_gmt":"2023-06-30T17:21:16","guid":{"rendered":"https:\/\/huset.se\/?page_id=22145"},"modified":"2024-05-17T15:14:28","modified_gmt":"2024-05-17T13:14:28","slug":"anvandarvillkor","status":"publish","type":"page","link":"https:\/\/huset.se\/da\/anvandarvillkor\/","title":{"rendered":"Vilk\u00e5r og betingelser for brug"},"content":{"rendered":"<div data-elementor-type=\"wp-page\" data-elementor-id=\"22145\" class=\"elementor elementor-22145\">\n\t\t\t\t\t\t<section class=\"elementor-section elementor-top-section elementor-element elementor-element-76f1ccc elementor-section-boxed elementor-section-height-default elementor-section-height-default\" data-id=\"76f1ccc\" data-element_type=\"section\" data-settings=\"{&quot;background_background&quot;:&quot;classic&quot;}\">\n\t\t\t\t\t\t<div class=\"elementor-container elementor-column-gap-default\">\n\t\t\t\t\t<div class=\"elementor-column elementor-col-100 elementor-top-column elementor-element elementor-element-73c27f2a\" data-id=\"73c27f2a\" data-element_type=\"column\">\n\t\t\t<div class=\"elementor-widget-wrap elementor-element-populated\">\n\t\t\t\t\t\t<div class=\"elementor-element elementor-element-a446e22 elementor-widget elementor-widget-spacer\" data-id=\"a446e22\" data-element_type=\"widget\" data-widget_type=\"spacer.default\">\n\t\t\t\t\t\t\t<div class=\"elementor-spacer\">\n\t\t\t<div class=\"elementor-spacer-inner\"><\/div>\n\t\t<\/div>\n\t\t\t\t\t\t<\/div>\n\t\t\t\t<div class=\"elementor-element elementor-element-4f2e8f4 elementor-widget elementor-widget-text-editor\" data-id=\"4f2e8f4\" data-element_type=\"widget\" data-widget_type=\"text-editor.default\">\n\t\t\t\t\t\t\t\t\t<h1 style=\"font-size: 2.53333rem;\">Vilk\u00e5r og betingelser for brug<br \/>Huset<\/h1><div>\u00a0<\/div><div><h3><span style=\"font-size: 19px; text-transform: none;\">Disse vilk\u00e5r for brug g\u00e6lder for\u00a0<\/span><img decoding=\"async\" style=\"font-size: 19px; text-transform: none;\" src=\"https:\/\/huset.se\/wp-content\/uploads\/2023\/06\/skyab.jpg\" alt=\"\" width=\"273\" height=\"19\"><span style=\"font-size: 19px; text-transform: none;\">s (org. nr.\u00a0<\/span><img decoding=\"async\" style=\"font-size: 19px; text-transform: none;\" src=\"https:\/\/huset.se\/wp-content\/uploads\/2024\/05\/Org.jpg\" alt=\"\" width=\"102\" height=\"15\"><span style=\"font-size: 19px; text-transform: none;\">\u00a0- \"Huset.se\", \"<\/span><img decoding=\"async\" style=\"font-size: 19px; text-transform: none;\" src=\"https:\/\/huset.se\/wp-content\/uploads\/2024\/05\/ab.jpg\" alt=\"\" width=\"102\" height=\"15\"><span style=\"font-size: 19px; text-transform: none;\">\", eller \"vi\") p\u00e5 huset.se og omfatter alle annoncer og alt indhold, der offentligg\u00f8res af Huset i dets forskellige markedsf\u00f8ringskanaler (alle markedsf\u00f8ringskanaler ben\u00e6vnes i det f\u00f8lgende samlet \"Huset\"), uanset hvordan bes\u00f8get finder sted, eller hvordan indholdet p\u00e5 hjemmesiden www.huset.se tilg\u00e5s.<\/span><\/h3><\/div><h3>1. intellektuelle ejendomsrettigheder<\/h3><p>Der er indhold p\u00e5 Huset.se, som er beskyttet af loven om intellektuel ejendomsret, herunder ophavsret. HUset.se har en database, der er beskyttet i henhold til ophavsretsloven. Hvis brugsbetingelserne ikke overholdes, kan det betyde, at Huset.se eller Husets licensgiveres immaterielle rettigheder kr\u00e6nkes, hvilket kan f\u00f8re til juridiske sanktioner og pligt til at betale erstatning.<br \/>Kommerciel eller systematisk brug af Huset.se er strengt taget IKKE tilladt, og brug af automatiserede tjenester, s\u00e5som spidering, robotter eller indekseringsteknikker til at indsamle eller p\u00e5 anden m\u00e5de udnytte indholdet af Huset.se er forbudt. Uanset metoden er det ikke tilladt at kopiere indholdet af Huset.se eller g\u00f8re det tilg\u00e6ngeligt for offentligheden.<\/p><h3>2. Forbindelse til huset<\/h3><p>Alle former for indlejring og \"hot-linking\" er forbudt. Det er tilladt at linke til Huset.se, men Huset \u00f8nsker, at den bes\u00f8gende overf\u00f8res til vores dom\u00e6ne, og at linket ikke integreres p\u00e5 andre hjemmesider.<\/p><h3>3. Hvad t\u00e6ller som autoriseret brug?<\/h3><p>Huset.se er beregnet til normal brug af bes\u00f8gende. Det er tilladt at gennemse, dele og sende links til boligannoncer i forskellige kanaler. Hvis boligannoncen er markeret som \"privat\", er det strengt forbudt at fors\u00f8ge at f\u00e5 adgang til boligannoncen og\/eller dele disse oplysninger med andre p\u00e5 forskellige m\u00e5der, medmindre du har skriftlig tilladelse fra huset.se.<\/p><h3><span style=\"font-size: 19px; text-transform: none;\">Sidst opdateret den 2024-05-17<\/span><\/h3>\t\t\t\t\t\t\t\t<\/div>\n\t\t\t\t\t<\/div>\n\t\t<\/div>\n\t\t\t\t\t<\/div>\n\t\t<\/section>\n\t\t\t\t<\/div>","protected":false},"excerpt":{"rendered":"<p>Vilk\u00e5r for brug -Huset Disse vilk\u00e5r for brug g\u00e6lder for Husets (org.nr - \"Huset.se\", \"\" eller \"vi\") levering af huset.se og d\u00e6kker alle annoncer og indhold, der offentligg\u00f8res af Huset i dets forskellige marketingkanaler (alle marketingkanaler kaldes i det f\u00f8lgende samlet \"Huset\"), uanset hvordan bes\u00f8get finder sted, eller hvordan der opn\u00e5s adgang til indholdet p\u00e5 webstedet www.huset.se 1. Intellektuelle ejendomsrettigheder [...]<\/p>","protected":false},"author":26,"featured_media":0,"parent":0,"menu_order":0,"comment_status":"closed","ping_status":"closed","template":"elementor_header_footer","meta":{"_et_pb_use_builder":"","_et_pb_old_content":"","_et_gb_content_width":"","footnotes":""},"class_list":["post-22145","page","type-page","status-publish","hentry"],"_links":{"self":[{"href":"https:\/\/huset.se\/da\/wp-json\/wp\/v2\/pages\/22145","targetHints":{"allow":["GET"]}}],"collection":[{"href":"https:\/\/huset.se\/da\/wp-json\/wp\/v2\/pages"}],"about":[{"href":"https:\/\/huset.se\/da\/wp-json\/wp\/v2\/types\/page"}],"author":[{"embeddable":true,"href":"https:\/\/huset.se\/da\/wp-json\/wp\/v2\/users\/26"}],"replies":[{"embeddable":true,"href":"https:\/\/huset.se\/da\/wp-json\/wp\/v2\/comments?post=22145"}],"version-history":[{"count":10,"href":"https:\/\/huset.se\/da\/wp-json\/wp\/v2\/pages\/22145\/revisions"}],"predecessor-version":[{"id":25982,"href":"https:\/\/huset.se\/da\/wp-json\/wp\/v2\/pages\/22145\/revisions\/25982"}],"wp:attachment":[{"href":"https:\/\/huset.se\/da\/wp-json\/wp\/v2\/media?parent=22145"}],"curies":[{"name":"wp","href":"https:\/\/api.w.org\/{rel}","templated":true}]}}